{"id":36664,"date":"2024-06-12T13:15:10","date_gmt":"2024-06-12T11:15:10","guid":{"rendered":"https:\/\/pruebas.ayuntamiento-losmolinos.es\/?page_id=36664"},"modified":"2026-02-13T09:03:43","modified_gmt":"2026-02-13T08:03:43","slug":"servicios-sociales","status":"publish","type":"page","link":"https:\/\/www.ayuntamiento-losmolinos.es\/?page_id=36664","title":{"rendered":"Servicios Sociales"},"content":{"rendered":"\n<div class=\"wp-block-stackable-columns stk-block-columns stk-block stk-4abdb65\" data-block-id=\"4abdb65\"><div class=\"stk-row stk-inner-blocks stk-block-content stk-content-align stk-4abdb65-column\">\n<div class=\"wp-block-stackable-column stk-block-column stk-column stk-block stk-b6501bb\" data-v=\"4\" data-block-id=\"b6501bb\"><style>@media screen and (min-width: 768px){.stk-b6501bb {flex:var(--stk-flex-grow, 1) 1 calc(66.667% - var(--stk-column-gap, 0px) * 1 \/ 2 ) !important;}}<\/style><div class=\"stk-column-wrapper stk-block-column__content stk-container stk-b6501bb-container stk--no-background stk--no-padding\"><div class=\"stk-block-content stk-inner-blocks stk-b6501bb-inner-blocks\">\n            <div class=\"widget shortcode-widget lsvr-post-list-widget lsvr-post-list-widget--shortcode\"><div class=\"widget__inner\"><h3 class=\"widget__title\">Actualidad en Servicios Sociales<\/h3>\n<div class=\"widget__content\">\n\n\t\n\t\t<ul class=\"lsvr-post-list-widget__list\">\n\n    \t\t\n    \t\t\t<li class=\"lsvr-post-list-widget__item lsvr-post-list-widget__item--has-thumb\">\n    \t\t\t\t<div class=\"lsvr-post-list-widget__item-inner\">\n\n\t\t\t\t\t\t\n\t\t\t\t\t\t\t<p class=\"lsvr-post-list-widget__item-thumb\">\n\t\t\t\t\t\t\t\t<a href=\"https:\/\/www.ayuntamiento-losmolinos.es\/?p=39912\" class=\"lsvr-post-list-widget__item-thumb-link\">\n\t\t\t\t\t\t\t\t\t<img loading=\"lazy\" decoding=\"async\" width=\"150\" height=\"58\" src=\"https:\/\/www.ayuntamiento-losmolinos.es\/wp-content\/uploads\/2026\/03\/PORTADA_CAMBRONO2026.jpg\" class=\"attachment-thumbnail size-thumbnail wp-post-image\" alt=\"\" \/>\t\t\t\t\t\t\t\t<\/a>\n\t\t\t\t\t\t\t<\/p>\n\n\t\t\t\t\t\t\n\t\t\t\t\t\t<div class=\"lsvr-post-list-widget__item-content\">\n\n\t\t        \t\t\t<h4 class=\"lsvr-post-list-widget__item-title\">\n\t\t        \t\t\t\t<a href=\"https:\/\/www.ayuntamiento-losmolinos.es\/?p=39912\" class=\"lsvr-post-list-widget__item-title-link\">\n\t\t        \t\t\t\t\tFestival del Cambro\u00f1o 2026\t\t        \t\t\t\t<\/a>\n\t\t        \t\t\t<\/h4>\n\n\t\t\t\t\t\t\t\n\t\t\t\t\t\t\t\t<p class=\"lsvr-post-list-widget__item-date\">\n\t\t\t\t\t\t\t\t\t27 de marzo de 2026\t\t\t\t\t\t\t\t<\/p>\n\n\t\t\t\t\t\t\t\n\t\t\t\t\t\t\t\n\t\t\t\t\t\t<\/div>\n\n\t\t\t\t\t<\/div>\n\t\t\t\t<\/li>\n\n    \t\t\n    \t\t\t<li class=\"lsvr-post-list-widget__item lsvr-post-list-widget__item--has-thumb\">\n    \t\t\t\t<div class=\"lsvr-post-list-widget__item-inner\">\n\n\t\t\t\t\t\t\n\t\t\t\t\t\t\t<p class=\"lsvr-post-list-widget__item-thumb\">\n\t\t\t\t\t\t\t\t<a href=\"https:\/\/www.ayuntamiento-losmolinos.es\/?p=39852\" class=\"lsvr-post-list-widget__item-thumb-link\">\n\t\t\t\t\t\t\t\t\t<img loading=\"lazy\" decoding=\"async\" width=\"106\" height=\"150\" src=\"https:\/\/www.ayuntamiento-losmolinos.es\/wp-content\/uploads\/2026\/02\/GUARDIA-CIVIL-ALERTA-MAYORES.jpg\" class=\"attachment-thumbnail size-thumbnail wp-post-image\" alt=\"\" \/>\t\t\t\t\t\t\t\t<\/a>\n\t\t\t\t\t\t\t<\/p>\n\n\t\t\t\t\t\t\n\t\t\t\t\t\t<div class=\"lsvr-post-list-widget__item-content\">\n\n\t\t        \t\t\t<h4 class=\"lsvr-post-list-widget__item-title\">\n\t\t        \t\t\t\t<a href=\"https:\/\/www.ayuntamiento-losmolinos.es\/?p=39852\" class=\"lsvr-post-list-widget__item-title-link\">\n\t\t        \t\t\t\t\tLos Molinos refuerza la prevenci\u00f3n ante hurtos en cajeros y parkings\t\t        \t\t\t\t<\/a>\n\t\t        \t\t\t<\/h4>\n\n\t\t\t\t\t\t\t\n\t\t\t\t\t\t\t\t<p class=\"lsvr-post-list-widget__item-date\">\n\t\t\t\t\t\t\t\t\t24 de febrero de 2026\t\t\t\t\t\t\t\t<\/p>\n\n\t\t\t\t\t\t\t\n\t\t\t\t\t\t\t\n\t\t\t\t\t\t<\/div>\n\n\t\t\t\t\t<\/div>\n\t\t\t\t<\/li>\n\n    \t\t\n    \t\t\t<li class=\"lsvr-post-list-widget__item lsvr-post-list-widget__item--has-thumb\">\n    \t\t\t\t<div class=\"lsvr-post-list-widget__item-inner\">\n\n\t\t\t\t\t\t\n\t\t\t\t\t\t\t<p class=\"lsvr-post-list-widget__item-thumb\">\n\t\t\t\t\t\t\t\t<a href=\"https:\/\/www.ayuntamiento-losmolinos.es\/?p=39816\" class=\"lsvr-post-list-widget__item-thumb-link\">\n\t\t\t\t\t\t\t\t\t<img loading=\"lazy\" decoding=\"async\" width=\"106\" height=\"150\" src=\"https:\/\/www.ayuntamiento-losmolinos.es\/wp-content\/uploads\/2026\/02\/Cartel-salidas-culturales-para-mayores-2026.jpg\" class=\"attachment-thumbnail size-thumbnail wp-post-image\" alt=\"\" \/>\t\t\t\t\t\t\t\t<\/a>\n\t\t\t\t\t\t\t<\/p>\n\n\t\t\t\t\t\t\n\t\t\t\t\t\t<div class=\"lsvr-post-list-widget__item-content\">\n\n\t\t        \t\t\t<h4 class=\"lsvr-post-list-widget__item-title\">\n\t\t        \t\t\t\t<a href=\"https:\/\/www.ayuntamiento-losmolinos.es\/?p=39816\" class=\"lsvr-post-list-widget__item-title-link\">\n\t\t        \t\t\t\t\tSalidas culturales 2026 para mayores\t\t        \t\t\t\t<\/a>\n\t\t        \t\t\t<\/h4>\n\n\t\t\t\t\t\t\t\n\t\t\t\t\t\t\t\t<p class=\"lsvr-post-list-widget__item-date\">\n\t\t\t\t\t\t\t\t\t13 de febrero de 2026\t\t\t\t\t\t\t\t<\/p>\n\n\t\t\t\t\t\t\t\n\t\t\t\t\t\t\t\n\t\t\t\t\t\t<\/div>\n\n\t\t\t\t\t<\/div>\n\t\t\t\t<\/li>\n\n    \t\t\n    \t\t\t<li class=\"lsvr-post-list-widget__item lsvr-post-list-widget__item--has-thumb\">\n    \t\t\t\t<div class=\"lsvr-post-list-widget__item-inner\">\n\n\t\t\t\t\t\t\n\t\t\t\t\t\t\t<p class=\"lsvr-post-list-widget__item-thumb\">\n\t\t\t\t\t\t\t\t<a href=\"https:\/\/www.ayuntamiento-losmolinos.es\/?p=39810\" class=\"lsvr-post-list-widget__item-thumb-link\">\n\t\t\t\t\t\t\t\t\t<img loading=\"lazy\" decoding=\"async\" width=\"150\" height=\"150\" src=\"https:\/\/www.ayuntamiento-losmolinos.es\/wp-content\/uploads\/2026\/02\/XIII-CERTAMEN-DE-PINTURA.jpg\" class=\"attachment-thumbnail size-thumbnail wp-post-image\" alt=\"\" \/>\t\t\t\t\t\t\t\t<\/a>\n\t\t\t\t\t\t\t<\/p>\n\n\t\t\t\t\t\t\n\t\t\t\t\t\t<div class=\"lsvr-post-list-widget__item-content\">\n\n\t\t        \t\t\t<h4 class=\"lsvr-post-list-widget__item-title\">\n\t\t        \t\t\t\t<a href=\"https:\/\/www.ayuntamiento-losmolinos.es\/?p=39810\" class=\"lsvr-post-list-widget__item-title-link\">\n\t\t        \t\t\t\t\tXIII Certamen de Pintura \u201cMujeres, la otra mirada\u201d\t\t        \t\t\t\t<\/a>\n\t\t        \t\t\t<\/h4>\n\n\t\t\t\t\t\t\t\n\t\t\t\t\t\t\t\t<p class=\"lsvr-post-list-widget__item-date\">\n\t\t\t\t\t\t\t\t\t4 de febrero de 2026\t\t\t\t\t\t\t\t<\/p>\n\n\t\t\t\t\t\t\t\n\t\t\t\t\t\t\t\n\t\t\t\t\t\t<\/div>\n\n\t\t\t\t\t<\/div>\n\t\t\t\t<\/li>\n\n    \t\t\n    \t\t\t<li class=\"lsvr-post-list-widget__item lsvr-post-list-widget__item--has-thumb\">\n    \t\t\t\t<div class=\"lsvr-post-list-widget__item-inner\">\n\n\t\t\t\t\t\t\n\t\t\t\t\t\t\t<p class=\"lsvr-post-list-widget__item-thumb\">\n\t\t\t\t\t\t\t\t<a href=\"https:\/\/www.ayuntamiento-losmolinos.es\/?p=39790\" class=\"lsvr-post-list-widget__item-thumb-link\">\n\t\t\t\t\t\t\t\t\t<img loading=\"lazy\" decoding=\"async\" width=\"106\" height=\"150\" src=\"https:\/\/www.ayuntamiento-losmolinos.es\/wp-content\/uploads\/2026\/01\/Cartel-descarga-estudio-1.jpg\" class=\"attachment-thumbnail size-thumbnail wp-post-image\" alt=\"\" \/>\t\t\t\t\t\t\t\t<\/a>\n\t\t\t\t\t\t\t<\/p>\n\n\t\t\t\t\t\t\n\t\t\t\t\t\t<div class=\"lsvr-post-list-widget__item-content\">\n\n\t\t        \t\t\t<h4 class=\"lsvr-post-list-widget__item-title\">\n\t\t        \t\t\t\t<a href=\"https:\/\/www.ayuntamiento-losmolinos.es\/?p=39790\" class=\"lsvr-post-list-widget__item-title-link\">\n\t\t        \t\t\t\t\tEl Ayuntamiento de Los Molinos presenta un estudio sobre las necesidades sociales de las personas mayores de la Mancomunidad La Maliciosa\t\t        \t\t\t\t<\/a>\n\t\t        \t\t\t<\/h4>\n\n\t\t\t\t\t\t\t\n\t\t\t\t\t\t\t\t<p class=\"lsvr-post-list-widget__item-date\">\n\t\t\t\t\t\t\t\t\t27 de enero de 2026\t\t\t\t\t\t\t\t<\/p>\n\n\t\t\t\t\t\t\t\n\t\t\t\t\t\t\t\n\t\t\t\t\t\t<\/div>\n\n\t\t\t\t\t<\/div>\n\t\t\t\t<\/li>\n\n    \t\t\n\t\t<\/ul>\n\n\t\t\n\t\t\t<p class=\"widget__more\">\n\n\t\t\t\t\n\t\t\t\t\t<a href=\"https:\/\/www.ayuntamiento-losmolinos.es\/?cat=1000\" class=\"widget__more-link\">m\u00e1s noticias<\/a>\n\n\t\t\t\t\n\t\t\t<\/p>\n\n\t\t\n\t\n<\/div>\n\n<\/div><\/div>\n            <\/div><\/div><\/div>\n\n\n\n<div class=\"wp-block-stackable-column stk-block-column stk-column stk-block stk-1b3c63e\" data-v=\"4\" data-block-id=\"1b3c63e\"><style>@media screen and (min-width: 768px){.stk-1b3c63e {flex:var(--stk-flex-grow, 1) 1 calc(33.333% - var(--stk-column-gap, 0px) * 1 \/ 2 ) !important;}}<\/style><div class=\"stk-column-wrapper stk-block-column__content stk-container stk-1b3c63e-container stk--no-background stk--no-padding\"><div class=\"has-text-align-center stk-block-content stk-inner-blocks stk-1b3c63e-inner-blocks\">\n<div class=\"wp-block-stackable-text stk-block-text stk-block stk-cae2c81\" data-block-id=\"cae2c81\"><style>.stk-cae2c81 .stk-block-text__text{font-size:24px !important;}@media screen and (max-width: 1023px){.stk-cae2c81 .stk-block-text__text{font-size:24px !important;}}<\/style><p class=\"stk-block-text__text has-text-align-center\">Nuestros Mayores<\/p><\/div>\n\n\n\n<a href=\"\/wp-content\/uploads\/2024\/09\/INSCRIPCIONES-TALLERES-MAYORES-24-25definitivo.pdf\"\n    class=\"lsvr-button lsvr-button--medium\"\n     target=\"_blank\"    >\n    Inscripci\u00f3n Taller de mayores<\/a>\n\n\n\n\n<div class=\"wp-block-stackable-image stk-block-image stk-block stk-b4ca1a6\" data-block-id=\"b4ca1a6\"><figure><span class=\"stk-img-wrapper stk-image--shape-stretch stk--has-lightbox\"><img loading=\"lazy\" decoding=\"async\" class=\"stk-img wp-image-39817\" src=\"https:\/\/www.ayuntamiento-losmolinos.es\/wp-content\/uploads\/2026\/02\/Cartel-salidas-culturales-para-mayores-2026.jpg\" width=\"2480\" height=\"3508\"\/><\/span><\/figure><\/div>\n\n\n\n<div class=\"wp-block-stackable-image stk-block-image stk-block stk-80e7230\" data-block-id=\"80e7230\"><style>.stk-80e7230 .stk-img-wrapper img{transform:scale(1) !important;}<\/style><figure><span class=\"stk-img-wrapper stk-image--shape-stretch stk--has-lightbox\"><img loading=\"lazy\" decoding=\"async\" class=\"stk-img wp-image-39747\" src=\"https:\/\/www.ayuntamiento-losmolinos.es\/wp-content\/uploads\/2025\/12\/ACTIVIDADES-PROBRAMA-MAYORES-2026.jpg\" width=\"2480\" height=\"3508\"\/><\/span><\/figure><\/div>\n\n\n\n<div class=\"wp-block-stackable-text stk-block-text stk-block stk-645f15c\" data-block-id=\"645f15c\"><style>.stk-645f15c .stk-block-text__text{font-size:24px !important;}@media screen and (max-width: 1023px){.stk-645f15c .stk-block-text__text{font-size:24px !important;}}<\/style><p class=\"stk-block-text__text\">Declaraci\u00f3n LGTBIQ<\/p><\/div>\n\n\n\n<div class=\"wp-block-stackable-image stk-block-image stk-block stk-844a6c0\" data-block-id=\"844a6c0\"><figure><span class=\"stk-img-wrapper stk-image--shape-stretch\"><img loading=\"lazy\" decoding=\"async\" class=\"stk-img wp-image-12422\" src=\"https:\/\/www.ayuntamiento-losmolinos.es\/wp-content\/uploads\/2019\/08\/fempLGTBI.png\" width=\"355\" height=\"212\" srcset=\"https:\/\/www.ayuntamiento-losmolinos.es\/wp-content\/uploads\/2019\/08\/fempLGTBI.png 355w, https:\/\/www.ayuntamiento-losmolinos.es\/wp-content\/uploads\/2019\/08\/fempLGTBI-300x179.png 300w, https:\/\/www.ayuntamiento-losmolinos.es\/wp-content\/uploads\/2019\/08\/fempLGTBI-200x120.png 200w, https:\/\/www.ayuntamiento-losmolinos.es\/wp-content\/uploads\/2019\/08\/fempLGTBI-244x146.png 244w, https:\/\/www.ayuntamiento-losmolinos.es\/wp-content\/uploads\/2019\/08\/fempLGTBI-50x30.png 50w, https:\/\/www.ayuntamiento-losmolinos.es\/wp-content\/uploads\/2019\/08\/fempLGTBI-126x75.png 126w\" sizes=\"auto, (max-width: 355px) 100vw, 355px\" \/><\/span><\/figure><\/div>\n\n\n\n<a href=\"https:\/\/www.ayuntamiento-losmolinos.es\/wp-content\/uploads\/2019\/08\/Declaraci%C3%B3n-28-de-junio-2019.pdf\"\n    class=\"lsvr-button lsvr-button--medium\"\n     target=\"_blank\"    >\n    declaraci\u00f3n lgtbiq<\/a>\n\n<\/div><\/div><\/div>\n<\/div><\/div>\n\n\n\n<div class=\"wp-block-stackable-text stk-block-text stk-block stk-4882a48\" data-block-id=\"4882a48\"><style>.stk-4882a48 .stk-block-text__text{font-size:24px !important;}@media screen and (max-width: 1023px){.stk-4882a48 .stk-block-text__text{font-size:24px !important;}}<\/style><p class=\"stk-block-text__text has-text-align-center\">Mancomunidad Servicios Sociales \u00abLa Maliciosa\u00bb<\/p><\/div>\n\n\n\n<div class=\"wp-block-stackable-columns stk-block-columns stk-block stk-b97f9a8\" data-block-id=\"b97f9a8\"><div class=\"stk-row stk-inner-blocks stk-block-content stk-content-align stk-b97f9a8-column\">\n<div class=\"wp-block-stackable-column stk-block-column stk-column stk-block stk-e4b523d\" data-v=\"4\" data-block-id=\"e4b523d\"><style>@media screen and (min-width: 768px){.stk-e4b523d {flex:var(--stk-flex-grow, 1) 1 calc(75% - var(--stk-column-gap, 0px) * 1 \/ 2 ) !important;}}<\/style><div class=\"stk-column-wrapper stk-block-column__content stk-container stk-e4b523d-container stk--no-background stk--no-padding\"><div class=\"stk-block-content stk-inner-blocks stk-e4b523d-inner-blocks\">\n<div class=\"wp-block-stackable-text stk-block-text stk-block stk-615f554\" data-block-id=\"615f554\"><p class=\"stk-block-text__text has-text-align-justify\"><strong>Servicios Sociales de Atenci\u00f3n Primaria \u2013 Los Molinos<\/strong><\/p><\/div>\n\n\n\n<p>La <strong>Mancomunidad de Servicios Sociales y Mujer \u00abLa Maliciosa\u00bb<\/strong> gestiona los servicios sociales de atenci\u00f3n primaria en varios municipios, entre ellos Los Molinos.<\/p>\n\n\n\n<ul class=\"wp-block-list\" data-block-type=\"core\">\n<li data-block-type=\"core\">Se ofrece <strong>atenci\u00f3n directa<\/strong> por una trabajadora social <strong>los lunes y mi\u00e9rcoles de 9:30 a 14:00<\/strong>, con cita previa.<\/li>\n\n\n\n<li data-block-type=\"core\"><strong>Objetivos principales:<\/strong>\n<ul class=\"wp-block-list\" data-block-type=\"core\">\n<li data-block-type=\"core\">Informar, orientar y apoyar a la poblaci\u00f3n sobre derechos y recursos sociales.<\/li>\n\n\n\n<li data-block-type=\"core\">Atender integralmente a personas en situaci\u00f3n de vulnerabilidad.<\/li>\n\n\n\n<li data-block-type=\"core\">Prevenir desigualdades sociales.<\/li>\n\n\n\n<li data-block-type=\"core\">Mejorar la coordinaci\u00f3n y uso de recursos sociales.<\/li>\n<\/ul>\n<\/li>\n<\/ul>\n\n\n\n<h4 class=\"wp-block-heading\" data-block-type=\"core\"><strong>Poblaci\u00f3n beneficiaria<\/strong><\/h4>\n\n\n\n<ul class=\"wp-block-list\" data-block-type=\"core\">\n<li data-block-type=\"core\">Residentes empadronados en Los Molinos.<\/li>\n\n\n\n<li data-block-type=\"core\">Personas en situaci\u00f3n de necesidad aunque no est\u00e9n empadronadas.<\/li>\n\n\n\n<li data-block-type=\"core\">Extranjeros, refugiados, ap\u00e1tridas, seg\u00fan normativa vigente.<\/li>\n<\/ul>\n\n\n\n<h4 class=\"wp-block-heading\" data-block-type=\"core\"><strong>Servicios complementarios<\/strong><\/h4>\n\n\n\n<p class=\"has-text-align-left\"><strong>Programa de igualdad de oportunidades:<\/strong> atenci\u00f3n los martes de 9:00 a 14:00 y talleres sobre conciliaci\u00f3n y equidad.<\/p>\n\n\n\n<ul class=\"wp-block-list\" data-block-type=\"core\">\n<li data-block-type=\"core\"><strong>Dinamizaci\u00f3n de mayores:<\/strong> talleres (taich\u00ed, manualidades, memoria) y salidas culturales.<\/li>\n\n\n\n<li data-block-type=\"core\"><strong>Ayuda a domicilio y Teleasistencia:<\/strong> para personas con dificultades funcionales.<\/li>\n<\/ul>\n\n\n\n<ul class=\"wp-block-list\" data-block-type=\"core\">\n<li data-block-type=\"core\"><strong>Atenci\u00f3n familiar espec\u00edfica:<\/strong> prevenci\u00f3n de crisis familiares, con apoyo psicol\u00f3gico y mediaci\u00f3n.<\/li>\n\n\n\n<li data-block-type=\"core\"><strong>Apoyo educativo ESO:<\/strong> refuerzo escolar para alumnos con dificultades.<\/li>\n<\/ul>\n\n\n\n<ul class=\"wp-block-list\" data-block-type=\"core\">\n<li data-block-type=\"core\"><strong>Cursos BAE y orientaci\u00f3n laboral:<\/strong> b\u00fasqueda activa de empleo e itinerarios personalizados de inserci\u00f3n.<\/li>\n\n\n\n<li data-block-type=\"core\"><strong>Atenci\u00f3n a v\u00edctimas de violencia de g\u00e9nero:<\/strong> apoyo psicol\u00f3gico, social y jur\u00eddico.<\/li>\n\n\n\n<li data-block-type=\"core\"><strong>Atenci\u00f3n jur\u00eddica:<\/strong> asesoramiento legal presencial mensual, con cita previa.<\/li>\n<\/ul>\n\n\n\n<ul class=\"wp-block-list\" data-block-type=\"core\">\n<li data-block-type=\"core\"><strong>Actos conmemorativos:<\/strong> actividades por el <strong>25 de noviembre (contra la violencia de g\u00e9nero)<\/strong> y el <strong>8 de marzo (d\u00eda de la mujer)<\/strong>.<\/li>\n<\/ul>\n<\/div><\/div><\/div>\n\n\n\n<div class=\"wp-block-stackable-column stk-block-column stk-column stk-block stk-0340216\" data-v=\"4\" data-block-id=\"0340216\"><style>@media screen and (min-width: 768px){.stk-0340216 {flex:var(--stk-flex-grow, 1) 1 calc(25% - var(--stk-column-gap, 0px) * 1 \/ 2 ) !important;}}<\/style><div class=\"stk-column-wrapper stk-block-column__content stk-container stk-0340216-container stk--no-background stk--no-padding\"><div class=\"has-text-align-center stk-block-content stk-inner-blocks stk-0340216-inner-blocks\">\n<a href=\"https:\/\/mancomunidad-lamaliciosa.org\/\"\n    class=\"lsvr-button lsvr-button--medium\"\n     target=\"_blank\"    >\n    WEB <\/a>\n\n\n\n\n<div class=\"wp-block-stackable-text stk-block-text stk-block stk-906d96a stk-block-background\" data-block-id=\"906d96a\"><p class=\"stk-block-text__text has-text-align-center\"><strong>Atenci\u00f3n Jur\u00eddica<\/strong><br>Segundo Jueves de cada mes v\u00eda cita previa 91 854 35 82<br>de 9:00 a 14:00<\/p><\/div>\n\n\n\n<div class=\"wp-block-stackable-text stk-block-text stk-block stk-6cfb6e4 stk-block-background\" data-block-id=\"6cfb6e4\"><p class=\"stk-block-text__text has-text-align-center\"><strong>Atenci\u00f3n Psicol\u00f3gica<\/strong><br>Jueves v\u00eda cita previa 91 854 35 82<br>de 11:00 a 13:00<\/p><\/div>\n\n\n\n<div class=\"wp-block-stackable-text stk-block-text stk-block stk-42344dd stk-block-background\" data-block-id=\"42344dd\"><p class=\"stk-block-text__text has-text-align-center\"><strong>T\u00e9cnica de mujer<\/strong><br>Martes de 9:00 a 14:00<\/p><\/div>\n\n\n\n<div class=\"wp-block-stackable-map stk-block-map stk-block stk-8989efd\" data-block-id=\"8989efd\"><iframe\n\t\t\t\t\t\ttitle=\"Embedded content from Google Maps Platform.\"\n\t\t\t\t\t\tsrc=\"https:\/\/maps.google.com\/maps?q=C\/ Recaredo Collar, 6 28440 Guadarrama (Madrid)&#038;t=&#038;z=17&#038;ie=UTF8&#038;output=embed\"\n\t\t\t\t\t\tstyle=\"border:0;width:100%;max-width:none;max-height:none;height:100%;\"\n\t\t\t\t\t\taria-hidden=\"false\"\n\t\t\t\t\t\ttabIndex=\"0\"\n\t\t\t\t\t\tallowfullscreen\n\t\t\t\t\t\tloading=\"lazy\"\n\t\t\t\t\t\tframeBorder=\"0\"\n\t\t\t\t\t><\/iframe><\/div>\n<\/div><\/div><\/div>\n<\/div><\/div>\n","protected":false},"excerpt":{"rendered":"<p>Nuestros Mayores Declaraci\u00f3n LGTBIQ Mancomunidad Servicios Sociales \u00abLa Maliciosa\u00bb Servicios Sociales de Atenci\u00f3n Primaria \u2013 Los Molinos La Mancomunidad de Servicios Sociales y Mujer \u00abLa Maliciosa\u00bb gestiona los servicios sociales de atenci\u00f3n primaria en varios municipios, entre ellos Los Molinos. Poblaci\u00f3n beneficiaria Servicios complementarios Programa de igualdad de oportunidades: atenci\u00f3n los martes de 9:00 a [&hellip;]<\/p>\n","protected":false},"author":1,"featured_media":0,"parent":0,"menu_order":0,"comment_status":"closed","ping_status":"closed","template":"","meta":{"_coblocks_attr":"","_coblocks_dimensions":"","_coblocks_responsive_height":"","_coblocks_accordion_ie_support":"","footnotes":""},"class_list":["post-36664","page","type-page","status-publish","hentry"],"_links":{"self":[{"href":"https:\/\/www.ayuntamiento-losmolinos.es\/index.php?rest_route=\/wp\/v2\/pages\/36664","targetHints":{"allow":["GET"]}}],"collection":[{"href":"https:\/\/www.ayuntamiento-losmolinos.es\/index.php?rest_route=\/wp\/v2\/pages"}],"about":[{"href":"https:\/\/www.ayuntamiento-losmolinos.es\/index.php?rest_route=\/wp\/v2\/types\/page"}],"author":[{"embeddable":true,"href":"https:\/\/www.ayuntamiento-losmolinos.es\/index.php?rest_route=\/wp\/v2\/users\/1"}],"replies":[{"embeddable":true,"href":"https:\/\/www.ayuntamiento-losmolinos.es\/index.php?rest_route=%2Fwp%2Fv2%2Fcomments&post=36664"}],"version-history":[{"count":14,"href":"https:\/\/www.ayuntamiento-losmolinos.es\/index.php?rest_route=\/wp\/v2\/pages\/36664\/revisions"}],"predecessor-version":[{"id":39822,"href":"https:\/\/www.ayuntamiento-losmolinos.es\/index.php?rest_route=\/wp\/v2\/pages\/36664\/revisions\/39822"}],"wp:attachment":[{"href":"https:\/\/www.ayuntamiento-losmolinos.es\/index.php?rest_route=%2Fwp%2Fv2%2Fmedia&parent=36664"}],"curies":[{"name":"wp","href":"https:\/\/api.w.org\/{rel}","templated":true}]}}