{"id":36667,"date":"2024-06-12T13:15:10","date_gmt":"2024-06-12T11:15:10","guid":{"rendered":"https:\/\/pruebas.ayuntamiento-losmolinos.es\/?page_id=36667"},"modified":"2024-07-24T13:28:15","modified_gmt":"2024-07-24T11:28:15","slug":"salud","status":"publish","type":"page","link":"https:\/\/www.ayuntamiento-losmolinos.es\/?page_id=36667","title":{"rendered":"Salud"},"content":{"rendered":"\n<div class=\"wp-block-stackable-columns stk-block-columns stk-block stk-8222f02\" data-block-id=\"8222f02\"><div class=\"stk-row stk-inner-blocks stk-block-content stk-content-align stk-8222f02-column\">\n<div class=\"wp-block-stackable-column stk-block-column stk-column stk-block stk-f30d075\" data-v=\"4\" data-block-id=\"f30d075\"><style>@media screen and (min-width:768px){.stk-f30d075{flex:var(--stk-flex-grow,1) 1 25% !important}}<\/style><div class=\"stk-column-wrapper stk-block-column__content stk-container stk-f30d075-container stk--no-background stk--no-padding\"><div class=\"has-text-align-center stk-block-content stk-inner-blocks stk-f30d075-inner-blocks\">\n<a href=\"https:\/\/www.comunidad.madrid\/servicios\/salud\/cita-sanitaria\"\n    class=\"lsvr-button lsvr-button--medium\"\n     target=\"_blank\"    >\n    CITA M\u00c9DICA<\/a>\n\n<\/div><\/div><\/div>\n\n\n\n<div class=\"wp-block-stackable-column stk-block-column stk-column stk-block stk-0ba64b4\" data-v=\"4\" data-block-id=\"0ba64b4\"><style>@media screen and (min-width:768px){.stk-0ba64b4{flex:var(--stk-flex-grow,1) 1 50% !important}}<\/style><div class=\"stk-column-wrapper stk-block-column__content stk-container stk-0ba64b4-container stk--no-background stk--no-padding\"><div class=\"has-text-align-center stk-block-content stk-inner-blocks stk-0ba64b4-inner-blocks\">\n<a href=\"https:\/\/www.hgvillalba.es\/es\/centro\/situacion-transporte\"\n    class=\"lsvr-button lsvr-button--medium\"\n        >\n    HORARIOS TRANSPORTE AL HOSPITAL VILLALBA<\/a>\n\n<\/div><\/div><\/div>\n\n\n\n<div class=\"wp-block-stackable-column stk-block-column stk-column stk-block stk-aac1436\" data-v=\"4\" data-block-id=\"aac1436\"><style>@media screen and (min-width:768px){.stk-aac1436{flex:var(--stk-flex-grow,1) 1 25% !important}}<\/style><div class=\"stk-column-wrapper stk-block-column__content stk-container stk-aac1436-container stk--no-background stk--no-padding\"><div class=\"has-text-align-center stk-block-content stk-inner-blocks stk-aac1436-inner-blocks\">\n<a href=\"https:\/\/www.ayuntamiento-losmolinos.es\/wp-content\/uploads\/2019\/02\/calendario_de_vacunacion_infantil._ano_2019._sistematico_acelerado_y_grupos_de_riesgo.pdf\"\n    class=\"lsvr-button lsvr-button--medium\"\n     target=\"_blank\"    >\n    VACUNACI\u00d3N INFANTIL<\/a>\n\n<\/div><\/div><\/div>\n<\/div><\/div>\n\n\n\n<div class=\"wp-block-stackable-text stk-block-text stk-block stk-4ce40e3\" data-block-id=\"4ce40e3\"><style>.stk-4ce40e3 .stk-block-text__text{font-size:24px !important}@media screen and (max-width:1023px){.stk-4ce40e3 .stk-block-text__text{font-size:24px !important}}<\/style><p class=\"stk-block-text__text has-text-align-center\">Prevenci\u00f3n de la Osteoporosis<\/p><\/div>\n\n\n\n<div class=\"wp-block-stackable-columns stk-block-columns stk-block stk-041ca2f\" data-block-id=\"041ca2f\"><div class=\"stk-row stk-inner-blocks stk-block-content stk-content-align stk-041ca2f-column\">\n<div class=\"wp-block-stackable-column stk-block-column stk-column stk-block stk-5c57c2c\" data-v=\"4\" data-block-id=\"5c57c2c\"><style>@media screen and (min-width:768px){.stk-5c57c2c{flex:var(--stk-flex-grow,1) 1 calc(66.667% - var(--stk-column-gap,0px) * 1 \/ 2 ) !important}}<\/style><div class=\"stk-column-wrapper stk-block-column__content stk-container stk-5c57c2c-container stk--no-background stk--no-padding\"><div class=\"stk-block-content stk-inner-blocks stk-5c57c2c-inner-blocks\">\n<div class=\"wp-block-stackable-text stk-block-text stk-block stk-f2c6909\" data-block-id=\"f2c6909\"><p class=\"stk-block-text__text has-text-align-justify\">La osteoporosis es la enfermedad metab\u00f3lica \u00f3sea m\u00e1s frecuente en nuestra poblaci\u00f3n, que se caracteriza por la disminuci\u00f3n de la masa del hueso y el deterioro de la microestructura del tejido \u00f3seo, lo que da lugar al aumento de la fragilidad del hueso y la susceptibilidad a fracturas.<br>Es un importante problema de salud p\u00fablica ya que, aunque la incidencia en Espa\u00f1a es menor que en pa\u00edses n\u00f3rdicos, afecta al 35-40% en mujeres a partir de 50 a\u00f1os y a la mitad de las mujeres mayores de 70 a\u00f1os.<br>El hueso es un tejido vivo, con fases de formaci\u00f3n y destrucci\u00f3n a lo largo de toda la vida, de modo que alcanza su m\u00e1xima fortaleza entre los 20 y 30 a\u00f1os. A partir de los 50 a\u00f1os, y especialmente en las mujeres tras la menopausia debido al descenso de estr\u00f3genos, se va a producir un aumento de destrucci\u00f3n del hueso, lo que da lugar a su mayor fragilidad.<br>El problema real de esta enfermedad son las fracturas, con secuelas a largo plazo como el dolor, la deformidad de columna y las alteraciones respiratorias en el caso de fracturas vertebrales; o puede requerir ingreso hospitalario para intervenci\u00f3n quir\u00fargica en caso de fractura de cadera. Y no debemos olvidar que las ca\u00eddas suponen el principal factor desencadenante de las fracturas.<br>Estos datos se van a ver incrementados por la mayor longevidad de la poblaci\u00f3n y por la osteoporosis secundaria a otras enfermedades o tratamientos farmacol\u00f3gicos.<br>Esta fragilidad puede mejorarse con h\u00e1bitos de vida saludable, porque tener osteoporosis no significa tener fracturas. Y adem\u00e1s el riesgo de una fractura aumenta cuando est\u00e1n presentes ciertos factores de riesgo.<\/p><\/div>\n<\/div><\/div><\/div>\n\n\n\n<div class=\"wp-block-stackable-column stk-block-column stk-column stk-block stk-7513d9a\" data-v=\"4\" data-block-id=\"7513d9a\"><style>@media screen and (min-width:768px){.stk-7513d9a{flex:var(--stk-flex-grow,1) 1 calc(33.333% - var(--stk-column-gap,0px) * 1 \/ 2 ) !important}}<\/style><div class=\"stk-column-wrapper stk-block-column__content stk-container stk-7513d9a-container stk--no-background stk--no-padding\"><div class=\"has-text-align-center stk-block-content stk-inner-blocks stk-7513d9a-inner-blocks\">\n<figure class=\"wp-block-image size-full has-lightbox\" data-block-type=\"core\"><img loading=\"lazy\" decoding=\"async\" width=\"540\" height=\"780\" src=\"https:\/\/www.ayuntamiento-losmolinos.es\/wp-content\/uploads\/2020\/03\/Prevenci\u00f3n-Osteoporosis_web_2020marzo.jpg\" alt=\"\" class=\"wp-image-13629\" srcset=\"https:\/\/www.ayuntamiento-losmolinos.es\/wp-content\/uploads\/2020\/03\/Prevenci\u00f3n-Osteoporosis_web_2020marzo.jpg 540w, https:\/\/www.ayuntamiento-losmolinos.es\/wp-content\/uploads\/2020\/03\/Prevenci\u00f3n-Osteoporosis_web_2020marzo-208x300.jpg 208w, https:\/\/www.ayuntamiento-losmolinos.es\/wp-content\/uploads\/2020\/03\/Prevenci\u00f3n-Osteoporosis_web_2020marzo-101x146.jpg 101w, https:\/\/www.ayuntamiento-losmolinos.es\/wp-content\/uploads\/2020\/03\/Prevenci\u00f3n-Osteoporosis_web_2020marzo-35x50.jpg 35w, https:\/\/www.ayuntamiento-losmolinos.es\/wp-content\/uploads\/2020\/03\/Prevenci\u00f3n-Osteoporosis_web_2020marzo-52x75.jpg 52w\" sizes=\"auto, (max-width: 540px) 100vw, 540px\" \/><\/figure>\n\n\n\n<a href=\"https:\/\/www.ayuntamiento-losmolinos.es\/wp-content\/uploads\/2020\/03\/Prevenci%C3%B3n-osteoporosis_prensa_2020marzo.pdf\"\n    class=\"lsvr-button lsvr-button--medium\"\n     target=\"_blank\"    >\n    prevenci\u00f3n osteoporosis<\/a>\n\n<\/div><\/div><\/div>\n<\/div><\/div>\n","protected":false},"excerpt":{"rendered":"<p>Prevenci\u00f3n de la Osteoporosis La osteoporosis es la enfermedad metab\u00f3lica \u00f3sea m\u00e1s frecuente en nuestra poblaci\u00f3n, que se caracteriza por la disminuci\u00f3n de la masa del hueso y el deterioro de la microestructura del tejido \u00f3seo, lo que da lugar al aumento de la fragilidad del hueso y la susceptibilidad a fracturas.Es un importante problema [&hellip;]<\/p>\n","protected":false},"author":1,"featured_media":0,"parent":0,"menu_order":0,"comment_status":"closed","ping_status":"closed","template":"","meta":{"_coblocks_attr":"","_coblocks_dimensions":"","_coblocks_responsive_height":"","_coblocks_accordion_ie_support":"","footnotes":""},"class_list":["post-36667","page","type-page","status-publish","hentry"],"_links":{"self":[{"href":"https:\/\/www.ayuntamiento-losmolinos.es\/index.php?rest_route=\/wp\/v2\/pages\/36667","targetHints":{"allow":["GET"]}}],"collection":[{"href":"https:\/\/www.ayuntamiento-losmolinos.es\/index.php?rest_route=\/wp\/v2\/pages"}],"about":[{"href":"https:\/\/www.ayuntamiento-losmolinos.es\/index.php?rest_route=\/wp\/v2\/types\/page"}],"author":[{"embeddable":true,"href":"https:\/\/www.ayuntamiento-losmolinos.es\/index.php?rest_route=\/wp\/v2\/users\/1"}],"replies":[{"embeddable":true,"href":"https:\/\/www.ayuntamiento-losmolinos.es\/index.php?rest_route=%2Fwp%2Fv2%2Fcomments&post=36667"}],"version-history":[{"count":4,"href":"https:\/\/www.ayuntamiento-losmolinos.es\/index.php?rest_route=\/wp\/v2\/pages\/36667\/revisions"}],"predecessor-version":[{"id":37257,"href":"https:\/\/www.ayuntamiento-losmolinos.es\/index.php?rest_route=\/wp\/v2\/pages\/36667\/revisions\/37257"}],"wp:attachment":[{"href":"https:\/\/www.ayuntamiento-losmolinos.es\/index.php?rest_route=%2Fwp%2Fv2%2Fmedia&parent=36667"}],"curies":[{"name":"wp","href":"https:\/\/api.w.org\/{rel}","templated":true}]}}