{"id":36670,"date":"2024-06-12T13:15:10","date_gmt":"2024-06-12T11:15:10","guid":{"rendered":"https:\/\/pruebas.ayuntamiento-losmolinos.es\/?page_id=36670"},"modified":"2025-09-23T11:55:24","modified_gmt":"2025-09-23T09:55:24","slug":"educacion","status":"publish","type":"page","link":"https:\/\/www.ayuntamiento-losmolinos.es\/?page_id=36670","title":{"rendered":"Educaci\u00f3n"},"content":{"rendered":"\n<p class=\"has-text-align-center is-style-info has-medium-font-size\">Curso 2024-2025 Divino Maestro<\/p>\n\n\n\n<div class=\"wp-block-stackable-columns stk-block-columns stk-block stk-f127d26\" data-block-id=\"f127d26\"><style>.stk-f127d26 {padding-top:10px !important;padding-right:10px !important;padding-bottom:10px !important;padding-left:10px !important;}.stk-f127d26-column{flex-wrap:wrap !important;--stk-flex-grow:0 !important;}<\/style><div class=\"stk-row stk-inner-blocks stk-block-content stk-content-align stk-f127d26-column\">\n<div class=\"wp-block-stackable-column stk-block-column stk-column stk-block stk-696913a\" data-v=\"4\" data-block-id=\"696913a\"><div class=\"stk-column-wrapper stk-block-column__content stk-container stk-696913a-container stk--no-background stk--no-padding\"><div class=\"stk-block-content stk-inner-blocks stk-696913a-inner-blocks\"><\/div><\/div><\/div>\n\n\n\n<div class=\"wp-block-stackable-column stk-block-column stk-column stk-block stk-3124d55\" data-v=\"4\" data-block-id=\"3124d55\"><div class=\"stk-column-wrapper stk-block-column__content stk-container stk-3124d55-container stk--no-background stk--no-padding\"><div class=\"stk-block-content stk-inner-blocks stk-3124d55-inner-blocks\">\n<div class=\"wp-block-stackable-button-group stk-block-button-group stk-block stk-73304a7\" data-block-id=\"73304a7\"><div class=\"stk-row stk-inner-blocks stk-block-content stk-button-group\">\n<div class=\"wp-block-stackable-button stk-block-button stk-block stk-8780c2b\" data-block-id=\"8780c2b\"><style>.stk-8780c2b , .stk-8780c2b .stk-button{width:100% !important;}.stk-8780c2b {flex:1 0 var(--stk-button-group-flex-wrap, 0) !important;}<\/style><a class=\"stk-link stk-button stk--hover-effect-darken\" href=\"https:\/\/www.ayuntamiento-losmolinos.es\/wp-content\/uploads\/2023\/10\/Cartel-servicios-de-conciliacion-2023-2024-.pdf\" target=\"_blank\" rel=\"noreferrer noopener\"><span class=\"stk-button__inner-text\">Conciliaci\u00f3n para colegios<\/span><\/a><\/div>\n<\/div><\/div>\n<\/div><\/div><\/div>\n<\/div><\/div>\n\n\n\n<div class=\"wp-block-stackable-columns stk-block-columns stk-block stk-0225a23\" data-block-id=\"0225a23\"><div class=\"stk-row stk-inner-blocks stk-block-content stk-content-align stk-0225a23-column\">\n<div class=\"wp-block-stackable-column stk-block-column stk-column stk-block stk-af6fee3\" data-v=\"4\" data-block-id=\"af6fee3\"><div class=\"stk-column-wrapper stk-block-column__content stk-container stk-af6fee3-container stk--no-background stk--no-padding\"><div class=\"stk-block-content stk-inner-blocks stk-af6fee3-inner-blocks\">\n<p class=\"is-style-default has-medium-font-size\">C.E.I.P. Divino Maestro<\/p>\n\n\n\n<div class=\"wp-block-stackable-text stk-block-text stk-block stk-2e48e69\" data-block-id=\"2e48e69\"><p class=\"stk-block-text__text has-text-align-justify\">El C.E.I.P. \u00abDivino Maestro\u00bb se encuentra ubicado en el municipio de Los Molinos (Madrid), a cincuenta y dos kil\u00f3metros de Madrid, entre las localidades de Guadarrama, Cercedilla y Collado Mediano.<br><strong>Localizaci\u00f3n:<\/strong>&nbsp;Calvario 20-22, Los molinos 28460 (Madrid)<br><strong>Tel\u00e9fono:<\/strong>&nbsp;91 855 35 75<br><strong>Fax:&nbsp;<\/strong>91 855 33 24<\/p><\/div>\n\n\n\n<div class=\"wp-block-stackable-columns stk-block-columns stk-block stk-9d27e18\" data-block-id=\"9d27e18\"><div class=\"stk-row stk-inner-blocks stk-block-content stk-content-align stk-9d27e18-column\">\n<div class=\"wp-block-stackable-column stk-block-column stk-column stk-block stk-b0133f1\" data-v=\"4\" data-block-id=\"b0133f1\"><div class=\"stk-column-wrapper stk-block-column__content stk-container stk-b0133f1-container stk--no-background stk--no-padding\"><div class=\"has-text-align-center stk-block-content stk-inner-blocks stk-b0133f1-inner-blocks\">\n<a href=\"https:\/\/site.educa.madrid.org\/cp.divinomaestro.losmolinos\/\"\n    class=\"lsvr-button lsvr-button--medium\"\n     target=\"_blank\"    >\n    web<\/a>\n\n<\/div><\/div><\/div>\n\n\n\n<div class=\"wp-block-stackable-column stk-block-column stk-column stk-block stk-cf2256d\" data-v=\"4\" data-block-id=\"cf2256d\"><div class=\"stk-column-wrapper stk-block-column__content stk-container stk-cf2256d-container stk--no-background stk--no-padding\"><div class=\"has-text-align-center stk-block-content stk-inner-blocks stk-cf2256d-inner-blocks\"><\/div><\/div><\/div>\n<\/div><\/div>\n\n\n\n<p><strong>Institutos cercanos:<\/strong><br>I.E.S Guadarrama<br>I.E.S La Dehesilla (Cercedilla)<\/p>\n<\/div><\/div><\/div>\n\n\n\n<div class=\"wp-block-stackable-column stk-block-column stk-column stk-block stk-a47e238\" data-v=\"4\" data-block-id=\"a47e238\"><div class=\"stk-column-wrapper stk-block-column__content stk-container stk-a47e238-container stk--no-background stk--no-padding\"><div class=\"has-text-align-center stk-block-content stk-inner-blocks stk-a47e238-inner-blocks\">\n<p class=\"has-medium-font-size\">Escuela Infantil Valle de Luz<\/p>\n\n\n\n<div class=\"wp-block-stackable-text stk-block-text stk-block stk-d77cade stk-block-background\" data-block-id=\"d77cade\"><p class=\"stk-block-text__text has-text-align-justify\">Escuela de Titularidad Municipal perteneciente a la Red P\u00fablica de Educaci\u00f3n Infantil de la Comunidad de Madrid, Primer Ciclo de Educaci\u00f3n Infantil Ni\u00f1os de 0 a 3 a\u00f1os.<br><strong>Direcci\u00f3n:<\/strong>&nbsp;Calle Dalias, 3<br><strong>Tel\u00e9fonos:<\/strong>&nbsp;91 855 35 37<\/p><\/div>\n\n\n\n<a href=\"https:\/\/es-es.facebook.com\/ESCUELAINFANTILVALLEDELUZ\"\n    class=\"lsvr-button lsvr-button--medium\"\n     target=\"_blank\"    >\n    FACEBOOK<\/a>\n\n<\/div><\/div><\/div>\n\n\n\n<div class=\"wp-block-stackable-column stk-block-column stk-column stk-block stk-0692dcd\" data-v=\"4\" data-block-id=\"0692dcd\"><div class=\"stk-column-wrapper stk-block-column__content stk-container stk-0692dcd-container stk--no-background stk--no-padding\"><div class=\"stk-block-content stk-inner-blocks stk-0692dcd-inner-blocks\">\n<p class=\"has-medium-font-size\">E.I. Nuestra Se\u00f1ora de F\u00e1tima<\/p>\n\n\n\n<div class=\"wp-block-stackable-text stk-block-text stk-block stk-f291e48\" data-block-id=\"f291e48\"><p class=\"stk-block-text__text has-text-align-justify\">La Escuela Infantil Nuestra Se\u00f1ora de F\u00e1tima, siguiendo el ejemplo de su fundadora, Madre Dolores Domingo, responde a los signos del tiempo en servicio a la sociedad, ejerciendo su labor educativa con los ni\u00f1@s de Primer y Segundo Ciclo de Educaci\u00f3n&nbsp;Infantil.<br><br><strong>Direcci\u00f3n:<\/strong>&nbsp;Calle Hermanos Mu\u00f1oz, 9 28460 Los Molinos<br><strong>Tel\u00e9fonos:<\/strong>&nbsp;918 55 19 07<\/p><\/div>\n\n\n\n<div class=\"wp-block-stackable-columns stk-block-columns stk-block stk-aea253d\" data-block-id=\"aea253d\"><div class=\"stk-row stk-inner-blocks stk-block-content stk-content-align stk-aea253d-column\">\n<div class=\"wp-block-stackable-column stk-block-column stk-column stk-block stk-21edb9d\" data-v=\"4\" data-block-id=\"21edb9d\"><div class=\"stk-column-wrapper stk-block-column__content stk-container stk-21edb9d-container stk--no-background stk--no-padding\"><div class=\"has-text-align-center stk-block-content stk-inner-blocks stk-21edb9d-inner-blocks\">\n<a href=\"http:\/\/www.example.org\"\n    class=\"lsvr-button lsvr-button--medium\"\n        >\n    FACEBOOK<\/a>\n\n<\/div><\/div><\/div>\n\n\n\n<div class=\"wp-block-stackable-column stk-block-column stk-column stk-block stk-caaa344\" data-v=\"4\" data-block-id=\"caaa344\"><div class=\"stk-column-wrapper stk-block-column__content stk-container stk-caaa344-container stk--no-background stk--no-padding\"><div class=\"has-text-align-center stk-block-content stk-inner-blocks stk-caaa344-inner-blocks\">\n<a href=\"https:\/\/escuelainfantilfatima.com\/\"\n    class=\"lsvr-button lsvr-button--medium\"\n     target=\"_blank\"    >\n    WEB<\/a>\n\n<\/div><\/div><\/div>\n<\/div><\/div>\n<\/div><\/div><\/div>\n<\/div><\/div>\n\n\n\n<div class=\"wp-block-stackable-columns stk-block-columns stk-block stk-e356612\" data-block-id=\"e356612\"><div class=\"stk-row stk-inner-blocks stk-block-content stk-content-align stk-e356612-column\">\n<div class=\"wp-block-stackable-column stk-block-column stk-column stk-block stk-ed345f7\" data-v=\"4\" data-block-id=\"ed345f7\"><div class=\"stk-column-wrapper stk-block-column__content stk-container stk-ed345f7-container stk--no-background stk--no-padding\"><div class=\"has-text-align-center stk-block-content stk-inner-blocks stk-ed345f7-inner-blocks\">\n<div class=\"wp-block-stackable-text stk-block-text stk-block stk-085583b\" data-block-id=\"085583b\"><style>.stk-085583b .stk-block-text__text{font-size:24px !important;}@media screen and (max-width: 1023px){.stk-085583b .stk-block-text__text{font-size:24px !important;}}<\/style><p class=\"stk-block-text__text has-text-align-center\">I.E.S Guadarrama<\/p><\/div>\n\n\n\n<div class=\"wp-block-stackable-text stk-block-text stk-block stk-8bee6e6\" data-block-id=\"8bee6e6\"><p class=\"stk-block-text__text has-text-align-justify\"><strong>Direcci\u00f3n:<\/strong>&nbsp;Calle de los Escoriales, 9A, 28440 Guadarrama, Madrid<br><strong>Tel\u00e9fono:<\/strong>&nbsp;91 854 22 12<br><strong>Fax:&nbsp;<\/strong>91 854 71 22<\/p><\/div>\n\n\n\n<a href=\"https:\/\/www.iesguadarrama.org\/\"\n    class=\"lsvr-button lsvr-button--medium\"\n     target=\"_blank\"    >\n    WEB<\/a>\n\n<\/div><\/div><\/div>\n\n\n\n<div class=\"wp-block-stackable-column stk-block-column stk-column stk-block stk-3f9fb07\" data-v=\"4\" data-block-id=\"3f9fb07\"><div class=\"stk-column-wrapper stk-block-column__content stk-container stk-3f9fb07-container stk--no-background stk--no-padding\"><div class=\"has-text-align-center stk-block-content stk-inner-blocks stk-3f9fb07-inner-blocks\">\n<div class=\"wp-block-stackable-text stk-block-text stk-block stk-286d99b\" data-block-id=\"286d99b\"><style>.stk-286d99b .stk-block-text__text{font-size:24px !important;}@media screen and (max-width: 1023px){.stk-286d99b .stk-block-text__text{font-size:24px !important;}}<\/style><p class=\"stk-block-text__text has-text-align-center\">I.E.S La Dehesilla<\/p><\/div>\n\n\n\n<div class=\"wp-block-stackable-text stk-block-text stk-block stk-6c1fdfc\" data-block-id=\"6c1fdfc\"><p class=\"stk-block-text__text has-text-align-justify\"><strong>Direcci\u00f3n:&nbsp;<\/strong>Camino de la Dehesilla y Rodeo, s\/n 28470 Cercedilla<br><strong>Tel\u00e9fono:&nbsp;<\/strong>91 852 17 63<br><strong>Fax:&nbsp;<\/strong>91 852 01 87<\/p><\/div>\n\n\n\n<a href=\"https:\/\/www.educa2.madrid.org\/web\/centro.ies.ladehesilla.cercedilla\"\n    class=\"lsvr-button lsvr-button--medium\"\n     target=\"_blank\"    >\n    WEB<\/a>\n\n<\/div><\/div><\/div>\n<\/div><\/div>\n\n\n\n<div class=\"wp-block-stackable-text stk-block-text stk-block stk-ead5515\" data-block-id=\"ead5515\"><style>.stk-ead5515 .stk-block-text__text{font-size:24px !important;}@media screen and (max-width: 1023px){.stk-ead5515 .stk-block-text__text{font-size:24px !important;}}<\/style><p class=\"stk-block-text__text has-text-align-center\">Educaci\u00f3n para personas adultas<\/p><\/div>\n\n\n\n<div class=\"wp-block-stackable-columns stk-block-columns stk-block stk-b0a25d4\" data-block-id=\"b0a25d4\"><div class=\"stk-row stk-inner-blocks stk-block-content stk-content-align stk-b0a25d4-column\">\n<div class=\"wp-block-stackable-column stk-block-column stk-column stk-block stk-8328e3d\" data-v=\"4\" data-block-id=\"8328e3d\"><style>@media screen and (min-width: 768px){.stk-8328e3d {flex:var(--stk-flex-grow, 1) 1 calc(66.667% - var(--stk-column-gap, 0px) * 1 \/ 2 ) !important;}}<\/style><div class=\"stk-column-wrapper stk-block-column__content stk-container stk-8328e3d-container stk--no-background stk--no-padding\"><div class=\"stk-block-content stk-inner-blocks stk-8328e3d-inner-blocks\">\n<div class=\"wp-block-stackable-text stk-block-text stk-block stk-068f69f\" data-block-id=\"068f69f\"><p class=\"stk-block-text__text has-text-align-justify\">En el aula de educaci\u00f3n de adultos de Los Molinos se imparten los siguientes cursos dentro de la educaci\u00f3n no formal:<br><strong>Espa\u00f1ol como lengua extranjera<\/strong><br>Para todas las personas que necesiten o deseen aprender espa\u00f1ol. Una de las principales barreras para la integraci\u00f3n de algunos colectivos de inmigrantes es la dificultad en la comprensi\u00f3n del idioma que repercute negativamente en su acceso al empleo, a los servicios generales y a la participaci\u00f3n social.<br>En el aula de adultos tenemos como una de las principales tareas alfabetizar adultos inmigrantes en espa\u00f1ol como lengua extranjera, dentro del \u00e1mbito de la educaci\u00f3n no formal.<br>Se imparte tambi\u00e9n los niveles A1, A2 y B1 del Marco com\u00fan europeo de referencia para la ense\u00f1anza\/aprendizaje de lenguas.<br><strong>Formaci\u00f3n b\u00e1sica de personas adultas. Ampliaci\u00f3n cultural<\/strong>&nbsp;Nivel formativo b\u00e1sico de la persona, conducente a la adquisici\u00f3n de las habilidades y herramientas necesarias para la mejor inserci\u00f3n y participaci\u00f3n en el mundo laboral y social. Su contenido va desde la alfabetizaci\u00f3n, hasta la orientaci\u00f3n en la obtenci\u00f3n de la titulaci\u00f3n b\u00e1sica.<br>En este curso principalmente se abordan las siguientes tareas:<br>Lectura: comprensi\u00f3n lectora y redacci\u00f3n de textos simples.<br>Escritura: mejorar la capacidad del individuo para escribir lo que necesita, en un lenguaje claro y razonablemente preciso. Mejorar la ortograf\u00eda.<br>Matem\u00e1ticas: (habilidad de realizar operaciones matem\u00e1ticas necesarias para la vida cotidiana.<br>Cultura general: relacionado con la naturaleza, la sociedad, cultura del pa\u00eds, el entorno y todos aquellos que facilitan la integraci\u00f3n en el mundo actual.<br><br><strong>Alfabetizaci\u00f3n digital. Inform\u00e1tica b\u00e1sica<\/strong><br>Cursos especialmente dedicados a:<br>Incorporar a nuestra vida el conjunto de h\u00e1bitos a trav\u00e9s de los cuales se interact\u00faa con las tecnolog\u00edas de la informaci\u00f3n y la comunicaci\u00f3n para aprender a trabajar, socializarse, divertirse.<\/p><\/div>\n<\/div><\/div><\/div>\n\n\n\n<div class=\"wp-block-stackable-column stk-block-column stk-column stk-block stk-48fd3e0\" data-v=\"4\" data-block-id=\"48fd3e0\"><style>@media screen and (min-width: 768px){.stk-48fd3e0 {flex:var(--stk-flex-grow, 1) 1 calc(33.333% - var(--stk-column-gap, 0px) * 1 \/ 2 ) !important;}}<\/style><div class=\"stk-column-wrapper stk-block-column__content stk-container stk-48fd3e0-container stk--no-background stk--no-padding\"><div class=\"stk-block-content stk-inner-blocks stk-48fd3e0-inner-blocks\">\n<figure class=\"wp-block-image size-full has-lightbox\" data-block-type=\"core\"><img loading=\"lazy\" decoding=\"async\" width=\"1333\" height=\"2000\" src=\"https:\/\/www.ayuntamiento-losmolinos.es\/wp-content\/uploads\/2025\/09\/EDUCACION-ADULTOS-2025-26.jpg\" alt=\"\" class=\"wp-image-39289\"\/><\/figure>\n\n\n\n<div class=\"wp-block-stackable-button-group stk-block-button-group stk-block stk-c8f2f53\" data-block-id=\"c8f2f53\"><div class=\"stk-row stk-inner-blocks stk-block-content stk-button-group\">\n<div class=\"wp-block-stackable-button stk-block-button has-text-align-center stk-block stk-8917bd9\" data-block-id=\"8917bd9\"><style>.stk-8917bd9 , .stk-8917bd9 .stk-button{width:100% !important;}.stk-8917bd9 {flex:1 0 var(--stk-button-group-flex-wrap, 0) !important;}<\/style><a class=\"stk-link stk-button stk--hover-effect-darken\" href=\"\/wp-content\/uploads\/2018\/11\/Inscripcion-Adultos-2018-2019.pdf\" target=\"_blank\" rel=\"noreferrer noopener\"><span class=\"stk-button__inner-text\">HOJA DE INSCRIPCI\u00d3N<\/span><\/a><\/div>\n<\/div><\/div>\n\n\n\n<div class=\"wp-block-stackable-map stk-block-map stk-block stk-61e1db5\" data-block-id=\"61e1db5\"><iframe\n\t\t\t\t\t\ttitle=\"Embedded content from Google Maps Platform.\"\n\t\t\t\t\t\tsrc=\"https:\/\/maps.google.com\/maps?q=real 8, los molinos&#038;t=&#038;z=17&#038;ie=UTF8&#038;output=embed\"\n\t\t\t\t\t\tstyle=\"border:0;width:100%;max-width:none;max-height:none;height:100%;\"\n\t\t\t\t\t\taria-hidden=\"false\"\n\t\t\t\t\t\ttabIndex=\"0\"\n\t\t\t\t\t\tallowfullscreen\n\t\t\t\t\t\tloading=\"lazy\"\n\t\t\t\t\t\tframeBorder=\"0\"\n\t\t\t\t\t><\/iframe><\/div>\n<\/div><\/div><\/div>\n<\/div><\/div>\n","protected":false},"excerpt":{"rendered":"<p>Curso 2024-2025 Divino Maestro Conciliaci\u00f3n para colegios C.E.I.P. Divino Maestro El C.E.I.P. \u00abDivino Maestro\u00bb se encuentra ubicado en el municipio de Los Molinos (Madrid), a cincuenta y dos kil\u00f3metros de Madrid, entre las localidades de Guadarrama, Cercedilla y Collado Mediano.Localizaci\u00f3n:&nbsp;Calvario 20-22, Los molinos 28460 (Madrid)Tel\u00e9fono:&nbsp;91 855 35 75Fax:&nbsp;91 855 33 24 Institutos cercanos:I.E.S GuadarramaI.E.S La [&hellip;]<\/p>\n","protected":false},"author":1,"featured_media":0,"parent":0,"menu_order":0,"comment_status":"closed","ping_status":"closed","template":"","meta":{"_coblocks_attr":"","_coblocks_dimensions":"","_coblocks_responsive_height":"","_coblocks_accordion_ie_support":"","footnotes":""},"class_list":["post-36670","page","type-page","status-publish","hentry"],"_links":{"self":[{"href":"https:\/\/www.ayuntamiento-losmolinos.es\/index.php?rest_route=\/wp\/v2\/pages\/36670","targetHints":{"allow":["GET"]}}],"collection":[{"href":"https:\/\/www.ayuntamiento-losmolinos.es\/index.php?rest_route=\/wp\/v2\/pages"}],"about":[{"href":"https:\/\/www.ayuntamiento-losmolinos.es\/index.php?rest_route=\/wp\/v2\/types\/page"}],"author":[{"embeddable":true,"href":"https:\/\/www.ayuntamiento-losmolinos.es\/index.php?rest_route=\/wp\/v2\/users\/1"}],"replies":[{"embeddable":true,"href":"https:\/\/www.ayuntamiento-losmolinos.es\/index.php?rest_route=%2Fwp%2Fv2%2Fcomments&post=36670"}],"version-history":[{"count":26,"href":"https:\/\/www.ayuntamiento-losmolinos.es\/index.php?rest_route=\/wp\/v2\/pages\/36670\/revisions"}],"predecessor-version":[{"id":39315,"href":"https:\/\/www.ayuntamiento-losmolinos.es\/index.php?rest_route=\/wp\/v2\/pages\/36670\/revisions\/39315"}],"wp:attachment":[{"href":"https:\/\/www.ayuntamiento-losmolinos.es\/index.php?rest_route=%2Fwp%2Fv2%2Fmedia&parent=36670"}],"curies":[{"name":"wp","href":"https:\/\/api.w.org\/{rel}","templated":true}]}}