{"id":36671,"date":"2024-06-12T13:15:10","date_gmt":"2024-06-12T11:15:10","guid":{"rendered":"https:\/\/pruebas.ayuntamiento-losmolinos.es\/?page_id=36671"},"modified":"2024-09-24T09:37:39","modified_gmt":"2024-09-24T07:37:39","slug":"medioambiente-2","status":"publish","type":"page","link":"https:\/\/www.ayuntamiento-losmolinos.es\/?page_id=36671","title":{"rendered":"Medioambiente"},"content":{"rendered":"\n<p class=\"has-large-font-size\">Recogida de restos vegetales<\/p>\n\n\n\n<div class=\"wp-block-stackable-text stk-block-text stk-block stk-10b9953\" data-block-id=\"10b9953\"><p class=\"stk-block-text__text has-text-align-justify\"><strong>El Ayuntamiento de Los Molinos invertir\u00e1 m\u00e1s de 50.000 \u20ac anuales para prestar este servicio a los vecinos.<\/strong><br>La Concejal\u00eda de Servicios y Medio Ambiente pone en marcha desde el 27 de abril de 2021, el servicio de recogida de restos de poda \u201cpuerta a puerta\u201d en todo el municipio. Tras la prueba piloto realizada en tres zonas, desde julio de 2020, el Ayuntamiento de Los Molinos ha decidido desplegar este servicio en todo el municipio.<br>Este servicio tiene como objetivo eliminar correctamente los restos vegetales, evitando as\u00ed, que acaben depositados en los contenedores de basura o en vertidos incontrolados. Tambi\u00e9n se busca mejorar la gesti\u00f3n de residuos y simplificar la recogida colectiva, adem\u00e1s eliminamos una gran cantidad de pl\u00e1stico al depositar los restos vegetales en sacas y no usar bolsas de basura.<br>Con la implementaci\u00f3n de este nuevo servicio se eliminar\u00e1n los contenedores marrones en todo el municipio y no podr\u00e1n depositarse restos vegetales en las islas de contenedores. Este servicio puerta a puerta se realizar\u00e1 mediante sacas, para facilitar la eliminaci\u00f3n de restos vegetales de jardines particulares de los vecinos de Los Molinos. Dichas sacas podr\u00e1n recogerse en el ayuntamiento bajo el pago de 5 \u20ac en concepto de fianza. Para explicar el funcionamiento del servicio se ha convocado una reuni\u00f3n telem\u00e1tica el pr\u00f3ximo mi\u00e9rcoles 28 de abril a las 20:00 h. El enlace puede descargarse en la p\u00e1gina web municipal y en las redes sociales del Ayuntamiento.<br>Para que este proyecto tenga \u00e9xito el Ayuntamiento pide la colaboraci\u00f3n de todos los vecinos del municipio en la implantaci\u00f3n del servicio.<\/p><\/div>\n\n\n\n<div class=\"wp-block-stackable-columns stk-block-columns stk-block stk-b7bc0d0\" data-block-id=\"b7bc0d0\"><div class=\"stk-row stk-inner-blocks stk-block-content stk-content-align stk-b7bc0d0-column\">\n<div class=\"wp-block-stackable-column stk-block-column stk-column stk-block stk-a0a6b8d\" data-v=\"4\" data-block-id=\"a0a6b8d\"><div class=\"stk-column-wrapper stk-block-column__content stk-container stk-a0a6b8d-container stk--no-background stk--no-padding\"><div class=\"stk-block-content stk-inner-blocks stk-a0a6b8d-inner-blocks\">\n<figure class=\"wp-block-image size-full has-lightbox has-lightbox\" data-block-type=\"core\"><img loading=\"lazy\" decoding=\"async\" width=\"595\" height=\"842\" src=\"https:\/\/www.ayuntamiento-losmolinos.es\/wp-content\/uploads\/2020\/07\/CARTEL-RECOGIDA-BASURA-PUERTA-A-PUERTAweb.jpg\" alt=\"\" class=\"wp-image-14948\" style=\"aspect-ratio:2\/3;object-fit:cover\" srcset=\"https:\/\/www.ayuntamiento-losmolinos.es\/wp-content\/uploads\/2020\/07\/CARTEL-RECOGIDA-BASURA-PUERTA-A-PUERTAweb.jpg 595w, https:\/\/www.ayuntamiento-losmolinos.es\/wp-content\/uploads\/2020\/07\/CARTEL-RECOGIDA-BASURA-PUERTA-A-PUERTAweb-212x300.jpg 212w, https:\/\/www.ayuntamiento-losmolinos.es\/wp-content\/uploads\/2020\/07\/CARTEL-RECOGIDA-BASURA-PUERTA-A-PUERTAweb-103x146.jpg 103w, https:\/\/www.ayuntamiento-losmolinos.es\/wp-content\/uploads\/2020\/07\/CARTEL-RECOGIDA-BASURA-PUERTA-A-PUERTAweb-35x50.jpg 35w, https:\/\/www.ayuntamiento-losmolinos.es\/wp-content\/uploads\/2020\/07\/CARTEL-RECOGIDA-BASURA-PUERTA-A-PUERTAweb-53x75.jpg 53w\" sizes=\"auto, (max-width: 595px) 100vw, 595px\" \/><\/figure>\n<\/div><\/div><\/div>\n\n\n\n<div class=\"wp-block-stackable-column stk-block-column stk-column stk-block stk-9266c51\" data-v=\"4\" data-block-id=\"9266c51\"><div class=\"stk-column-wrapper stk-block-column__content stk-container stk-9266c51-container stk--no-background stk--no-padding\"><div class=\"stk-block-content stk-inner-blocks stk-9266c51-inner-blocks\">\n<figure class=\"wp-block-image size-large has-lightbox has-lightbox\" data-block-type=\"core\"><img loading=\"lazy\" decoding=\"async\" width=\"724\" height=\"1024\" src=\"https:\/\/www.ayuntamiento-losmolinos.es\/wp-content\/uploads\/2021\/04\/RECOGIDA-ANVERSO-2021-1-724x1024.jpg\" alt=\"\" class=\"wp-image-17077\" style=\"aspect-ratio:2\/3;object-fit:cover\" srcset=\"https:\/\/www.ayuntamiento-losmolinos.es\/wp-content\/uploads\/2021\/04\/RECOGIDA-ANVERSO-2021-1-724x1024.jpg 724w, https:\/\/www.ayuntamiento-losmolinos.es\/wp-content\/uploads\/2021\/04\/RECOGIDA-ANVERSO-2021-1-212x300.jpg 212w, https:\/\/www.ayuntamiento-losmolinos.es\/wp-content\/uploads\/2021\/04\/RECOGIDA-ANVERSO-2021-1-768x1086.jpg 768w, https:\/\/www.ayuntamiento-losmolinos.es\/wp-content\/uploads\/2021\/04\/RECOGIDA-ANVERSO-2021-1-103x146.jpg 103w, https:\/\/www.ayuntamiento-losmolinos.es\/wp-content\/uploads\/2021\/04\/RECOGIDA-ANVERSO-2021-1-35x50.jpg 35w, https:\/\/www.ayuntamiento-losmolinos.es\/wp-content\/uploads\/2021\/04\/RECOGIDA-ANVERSO-2021-1-53x75.jpg 53w, https:\/\/www.ayuntamiento-losmolinos.es\/wp-content\/uploads\/2021\/04\/RECOGIDA-ANVERSO-2021-1.jpg 877w\" sizes=\"auto, (max-width: 724px) 100vw, 724px\" \/><figcaption class=\"wp-element-caption\">recogida 2<\/figcaption><\/figure>\n<\/div><\/div><\/div>\n\n\n\n<div class=\"wp-block-stackable-column stk-block-column stk-column stk-block stk-9816c49\" data-v=\"4\" data-block-id=\"9816c49\"><div class=\"stk-column-wrapper stk-block-column__content stk-container stk-9816c49-container stk--no-background stk--no-padding\"><div class=\"stk-block-content stk-inner-blocks stk-9816c49-inner-blocks\">\n<figure class=\"wp-block-image size-large has-lightbox has-lightbox\" data-block-type=\"core\"><img loading=\"lazy\" decoding=\"async\" width=\"816\" height=\"1024\" src=\"https:\/\/www.ayuntamiento-losmolinos.es\/wp-content\/uploads\/2021\/04\/PLANO-RECOGIDA-SACAS-816x1024.jpg\" alt=\"\" class=\"wp-image-17078\" style=\"aspect-ratio:2\/3;object-fit:cover\" srcset=\"https:\/\/www.ayuntamiento-losmolinos.es\/wp-content\/uploads\/2021\/04\/PLANO-RECOGIDA-SACAS-816x1024.jpg 816w, https:\/\/www.ayuntamiento-losmolinos.es\/wp-content\/uploads\/2021\/04\/PLANO-RECOGIDA-SACAS-239x300.jpg 239w, https:\/\/www.ayuntamiento-losmolinos.es\/wp-content\/uploads\/2021\/04\/PLANO-RECOGIDA-SACAS-768x963.jpg 768w, https:\/\/www.ayuntamiento-losmolinos.es\/wp-content\/uploads\/2021\/04\/PLANO-RECOGIDA-SACAS-1224x1536.jpg 1224w, https:\/\/www.ayuntamiento-losmolinos.es\/wp-content\/uploads\/2021\/04\/PLANO-RECOGIDA-SACAS-1633x2048.jpg 1633w, https:\/\/www.ayuntamiento-losmolinos.es\/wp-content\/uploads\/2021\/04\/PLANO-RECOGIDA-SACAS-116x146.jpg 116w, https:\/\/www.ayuntamiento-losmolinos.es\/wp-content\/uploads\/2021\/04\/PLANO-RECOGIDA-SACAS-40x50.jpg 40w, https:\/\/www.ayuntamiento-losmolinos.es\/wp-content\/uploads\/2021\/04\/PLANO-RECOGIDA-SACAS-60x75.jpg 60w, https:\/\/www.ayuntamiento-losmolinos.es\/wp-content\/uploads\/2021\/04\/PLANO-RECOGIDA-SACAS-scaled.jpg 2041w\" sizes=\"auto, (max-width: 816px) 100vw, 816px\" \/><figcaption class=\"wp-element-caption\">plano<\/figcaption><\/figure>\n<\/div><\/div><\/div>\n<\/div><\/div>\n\n\n\n<p class=\"has-large-font-size\"><\/p>\n\n\n\n<div class=\"wp-block-stackable-columns stk-block-columns stk-block stk-616d828\" data-block-id=\"616d828\"><div class=\"stk-row stk-inner-blocks stk-block-content stk-content-align stk-616d828-column\">\n<div class=\"wp-block-stackable-column stk-block-column stk-column stk-block stk-bc7632e\" data-v=\"4\" data-block-id=\"bc7632e\"><style>@media screen and (min-width:768px){.stk-bc7632e{flex:var(--stk-flex-grow,1) 1 calc(40.1% - var(--stk-column-gap,0px) * 1 \/ 2 ) !important}}<\/style><div class=\"stk-column-wrapper stk-block-column__content stk-container stk-bc7632e-container stk--no-background stk--no-padding\"><div class=\"stk-block-content stk-inner-blocks stk-bc7632e-inner-blocks\">\n<figure class=\"wp-block-image size-full\" data-block-type=\"core\"><img loading=\"lazy\" decoding=\"async\" width=\"591\" height=\"591\" src=\"https:\/\/www.ayuntamiento-losmolinos.es\/wp-content\/uploads\/2018\/02\/logoPuntoLimpio.png\" alt=\"\" class=\"wp-image-3416\" srcset=\"https:\/\/www.ayuntamiento-losmolinos.es\/wp-content\/uploads\/2018\/02\/logoPuntoLimpio.png 591w, https:\/\/www.ayuntamiento-losmolinos.es\/wp-content\/uploads\/2018\/02\/logoPuntoLimpio-150x150.png 150w, https:\/\/www.ayuntamiento-losmolinos.es\/wp-content\/uploads\/2018\/02\/logoPuntoLimpio-300x300.png 300w, https:\/\/www.ayuntamiento-losmolinos.es\/wp-content\/uploads\/2018\/02\/logoPuntoLimpio-146x146.png 146w, https:\/\/www.ayuntamiento-losmolinos.es\/wp-content\/uploads\/2018\/02\/logoPuntoLimpio-50x50.png 50w, https:\/\/www.ayuntamiento-losmolinos.es\/wp-content\/uploads\/2018\/02\/logoPuntoLimpio-75x75.png 75w, https:\/\/www.ayuntamiento-losmolinos.es\/wp-content\/uploads\/2018\/02\/logoPuntoLimpio-85x85.png 85w, https:\/\/www.ayuntamiento-losmolinos.es\/wp-content\/uploads\/2018\/02\/logoPuntoLimpio-80x80.png 80w\" sizes=\"auto, (max-width: 591px) 100vw, 591px\" \/><\/figure>\n\n\n\n<figure class=\"wp-block-image size-large has-lightbox\" data-block-type=\"core\"><img loading=\"lazy\" decoding=\"async\" width=\"724\" height=\"1024\" src=\"https:\/\/www.ayuntamiento-losmolinos.es\/wp-content\/uploads\/2019\/07\/PuntoLimpio2019-724x1024.jpg\" alt=\"\" class=\"wp-image-12201\" srcset=\"https:\/\/www.ayuntamiento-losmolinos.es\/wp-content\/uploads\/2019\/07\/PuntoLimpio2019-724x1024.jpg 724w, https:\/\/www.ayuntamiento-losmolinos.es\/wp-content\/uploads\/2019\/07\/PuntoLimpio2019-212x300.jpg 212w, https:\/\/www.ayuntamiento-losmolinos.es\/wp-content\/uploads\/2019\/07\/PuntoLimpio2019-768x1086.jpg 768w, https:\/\/www.ayuntamiento-losmolinos.es\/wp-content\/uploads\/2019\/07\/PuntoLimpio2019-103x146.jpg 103w, https:\/\/www.ayuntamiento-losmolinos.es\/wp-content\/uploads\/2019\/07\/PuntoLimpio2019-35x50.jpg 35w, https:\/\/www.ayuntamiento-losmolinos.es\/wp-content\/uploads\/2019\/07\/PuntoLimpio2019-53x75.jpg 53w, https:\/\/www.ayuntamiento-losmolinos.es\/wp-content\/uploads\/2019\/07\/PuntoLimpio2019.jpg 827w\" sizes=\"auto, (max-width: 724px) 100vw, 724px\" \/><\/figure>\n\n\n\n<div class=\"wp-block-stackable-text stk-block-text stk-block stk-925a230\" data-block-id=\"925a230\"><p class=\"stk-block-text__text\"><\/p><\/div>\n<\/div><\/div><\/div>\n\n\n\n<div class=\"wp-block-stackable-column stk-block-column stk-column stk-block stk-8c56a6f\" data-v=\"4\" data-block-id=\"8c56a6f\"><style>@media screen and (min-width:768px){.stk-8c56a6f{flex:var(--stk-flex-grow,1) 1 calc(59.9% - var(--stk-column-gap,0px) * 1 \/ 2 ) !important}}<\/style><div class=\"stk-column-wrapper stk-block-column__content stk-container stk-8c56a6f-container stk--no-background stk--no-padding\"><div class=\"has-text-align-left stk-block-content stk-inner-blocks stk-8c56a6f-inner-blocks\">\n<div class=\"wp-block-stackable-text stk-block-text stk-block stk-d16f885\" data-block-id=\"d16f885\"><p class=\"stk-block-text__text\"><strong>DIRECCI\u00d3N: Camino Virgen del Espino, junto a cementerio<\/strong><\/p><\/div>\n\n\n\n<p>El Punto Limpio es un centro de recogida de residuos valorizables y especiales que permite a los vecinos de Los Molinos deshacerse de todos aquellos residuos que exijan un manipulado especial. El objetivo b\u00e1sico es el de separar los residuos peligrosos, generados en los hogares para evitar que acaben en los cubos de la basura impidiendo su reciclado.<\/p>\n\n\n\n<p>Adem\u00e1s el Punto Limpio permitir\u00e1 el reaprovechamiento de los materiales mediante un reciclaje directo con el consiguiente ahorro energ\u00e9tico. El Ayuntamiento pretende as\u00ed evitar el vertido incontrolado o voluminoso en la v\u00eda p\u00fablica.<\/p>\n\n\n\n<p>El sistema de funcionamiento, as\u00ed como los residuos admisibles y las cantidades m\u00e1ximas permitidas, se estipulan en el recinto. Un operario verificar\u00e1 y clasificar\u00e1 las mercanc\u00edas que traigan los vecinos, y les indicar\u00e1 los lugares de descarga de las mismas, sin que comporte riesgo alguno para el usuario en el manipulado. Para ello los contenedores se encuentran perfectamente clasificados y se\u00f1alizados no dando lugar a equ\u00edvoco. Los particulares podr\u00e1N acceder tanto a pi\u00e9 como en veh\u00edculo. El tipo de residuo m\u00e1s frecuentemente depositado en los puntos limpios son materiales tales como papel y cart\u00f3n, metales, chatarras, escombros, electrodom\u00e9sticos voluminosos, pl\u00e1sticos y desechos de podas y jardiner\u00eda.<\/p>\n\n\n\n<p>Pero tambi\u00e9n admite otros materiales que pueden resultar peligrosos y t\u00f3xicos como pilas, bater\u00edas de autom\u00f3viles, aceites vegetales y minerales, radiograf\u00edas, o tubos fluorescentes.<br><\/p>\n\n\n\n<p>Agradecemos de antemano la colaboraci\u00f3n de los vecinos, para que esta nueva instalaci\u00f3n mejore la limpieza de nuestro pueblo y contribuya a un \u00f3ptimo reciclaje de los residuos generados. Les recordamos que el generador de residuos est\u00e1 obligado a llevarlos al punto de recogida (Punto Limpio).<\/p>\n\n\n\n<p>As\u00ed mismo, en la parcela adyacente al Punto Limpio se recogen residuos vegetales (c\u00e9sped o peque\u00f1as podas) como m\u00e1ximo dos bolsas o un metro c\u00fabico, quedando suspendido, por tanto, el servicio de recogida de estos elementos en todo el T\u00e9rmino Municipal. El Servicio de Informaci\u00f3n Ambiental de la Consejer\u00eda de Medio Ambiente y Ordenaci\u00f3n del Territorio (Tel. 901 525 525) informa de la red de Puntos Limpios existentes en nuestra Comunidad, de sus horarios y del tipo y cantidad de residuos que se pueden entregar. os que se pueden entregar.<\/p>\n\n\n\n<div class=\"wp-block-stackable-text stk-block-text stk-block stk-3c385da stk-block-background\" data-block-id=\"3c385da\"><style>.stk-3c385da .stk-block-text__text{font-size:18px !important}@media screen and (max-width:1023px){.stk-3c385da .stk-block-text__text{font-size:18px !important}}<\/style><p class=\"stk-block-text__text has-text-align-center\">Plano de contenedores<\/p><\/div>\n\n\n\n<iframe loading=\"lazy\" src=\"https:\/\/www.google.com\/maps\/d\/embed?mid=1qVb42d9q7RcI_q48acEtFPu6bT4&#038;ehbc=2E312F\" width=\"640\" height=\"480\"><\/iframe>\n<\/div><\/div><\/div>\n<\/div><\/div>\n\n\n\n<p class=\"has-large-font-size\">Caza y ganader\u00eda<\/p>\n\n\n\n<div class=\"wp-block-stackable-columns stk-block-columns stk-block stk-e8cf77c\" data-block-id=\"e8cf77c\"><div class=\"stk-row stk-inner-blocks stk-block-content stk-content-align stk-e8cf77c-column\">\n<div class=\"wp-block-stackable-column stk-block-column stk-column stk-block stk-333e610\" data-v=\"4\" data-block-id=\"333e610\"><div class=\"stk-column-wrapper stk-block-column__content stk-container stk-333e610-container stk--no-background stk--no-padding\"><div class=\"has-text-align-center stk-block-content stk-inner-blocks stk-333e610-inner-blocks\">\n<a href=\"\/wp-content\/uploads\/2017\/12\/BOCAM_Orden_591_2015.pdf\"\n    class=\"lsvr-button lsvr-button--medium\"\n     target=\"_blank\"    >\n    Orden 591\/2015, de 25 de abril<\/a>\n\n<\/div><\/div><\/div>\n\n\n\n<div class=\"wp-block-stackable-column stk-block-column stk-column stk-block stk-7f24b5a\" data-v=\"4\" data-block-id=\"7f24b5a\"><div class=\"stk-column-wrapper stk-block-column__content stk-container stk-7f24b5a-container stk--no-background stk--no-padding\"><div class=\"has-text-align-center stk-block-content stk-inner-blocks stk-7f24b5a-inner-blocks\">\n<a href=\"\/wp-content\/uploads\/2017\/12\/Caza_Menor.pdf\"\n    class=\"lsvr-button lsvr-button--medium\"\n     target=\"_blank\"    >\n    Caza menor<\/a>\n\n<\/div><\/div><\/div>\n\n\n\n<div class=\"wp-block-stackable-column stk-block-column stk-column stk-block stk-35eebf6\" data-v=\"4\" data-block-id=\"35eebf6\"><div class=\"stk-column-wrapper stk-block-column__content stk-container stk-35eebf6-container stk--no-background stk--no-padding\"><div class=\"has-text-align-center stk-block-content stk-inner-blocks stk-35eebf6-inner-blocks\">\n<a href=\"\/wp-content\/uploads\/2017\/12\/Caza_Mayor.pdf\"\n    class=\"lsvr-button lsvr-button--medium\"\n     target=\"_blank\"    >\n    caza mayor<\/a>\n\n<\/div><\/div><\/div>\n<\/div><\/div>\n\n\n\n<p class=\"has-large-font-size\">Inventario del arbolado urbano<\/p>\n\n\n\n<div class=\"wp-block-stackable-text stk-block-text stk-block stk-a9facfa\" data-block-id=\"a9facfa\"><p class=\"stk-block-text__text has-text-align-justify\">Los Molinos dispone de una detallada ordenanza municipal destinada a la protecci\u00f3n, conservaci\u00f3n y fomento de su arbolado urbano y conforme a las normativas auton\u00f3micas en vigor en esta materia. Gracias a ello, Los Molinos se sit\u00faa entre los municipios de la comarca de Guadarrama que m\u00e1s atenci\u00f3n prestan a la protecci\u00f3n efectiva de este patrimonio natural, potenciando su disfrute p\u00fablico y su aprovechamiento como recurso cultu-ral, educativo y tur\u00edstico. Esta gu\u00eda se ha realizado al amparo del primer inventario municipal del arbolado del viario p\u00fablico, y su objeti-vo principal es el de lograr una mayor empat\u00eda de los vecinos y visitantes de Los Molinos con este patrimonio natural, a menudo poco valorado por desconocido. Y es que conocer los \u00e1rboles es el primer paso para apreciarlos, y todo lo que se aprecia se trata de respetar y conservar, como esperamos que ocurra en Los Molinos.<\/p><\/div>\n\n\n\n<div class=\"wp-block-stackable-columns stk-block-columns stk-block stk-22a78db\" data-block-id=\"22a78db\"><style>.stk-22a78db-column{flex-wrap:wrap !important;--stk-flex-grow:0 !important}<\/style><div class=\"stk-row stk-inner-blocks stk-block-content stk-content-align stk-22a78db-column\">\n<div class=\"wp-block-stackable-column stk-block-column stk-column stk-block stk-880cd6a\" data-v=\"4\" data-block-id=\"880cd6a\"><div class=\"stk-column-wrapper stk-block-column__content stk-container stk-880cd6a-container stk--no-background stk--no-padding\"><div class=\"has-text-align-center stk-block-content stk-inner-blocks stk-880cd6a-inner-blocks\">\n<a href=\"https:\/\/es.slideshare.net\/slideshow\/gua-del-arbolado-urbano-de-los-molinos\/47328406\"\n    class=\"lsvr-button lsvr-button--medium\"\n     target=\"_blank\"    >\n    Guia de arbolado<\/a>\n\n<\/div><\/div><\/div>\n\n\n\n<div class=\"wp-block-stackable-column stk-block-column stk-column stk-block stk-f4cfbfa\" data-v=\"4\" data-block-id=\"f4cfbfa\"><div class=\"stk-column-wrapper stk-block-column__content stk-container stk-f4cfbfa-container stk--no-background stk--no-padding\"><div class=\"has-text-align-center stk-block-content stk-inner-blocks stk-f4cfbfa-inner-blocks\">\n<a href=\"https:\/\/es.slideshare.net\/slideshow\/informe-tcnico-47328844\/47328844\"\n    class=\"lsvr-button lsvr-button--medium\"\n     target=\"_blank\"    >\n    informe t\u00e9cnico<\/a>\n\n<\/div><\/div><\/div>\n\n\n\n<div class=\"wp-block-stackable-column stk-block-column stk-column stk-block stk-1665147\" data-v=\"4\" data-block-id=\"1665147\"><div class=\"stk-column-wrapper stk-block-column__content stk-container stk-1665147-container stk--no-background stk--no-padding\"><div class=\"has-text-align-center stk-block-content stk-inner-blocks stk-1665147-inner-blocks\">\n<a href=\"https:\/\/es.slideshare.net\/ivanayuntamientodelosmolinos\/informe-tcnico-anexo-47328709\"\n    class=\"lsvr-button lsvr-button--medium\"\n        >\n    anexo informe t\u00e9cnico<\/a>\n\n<\/div><\/div><\/div>\n\n\n\n<div class=\"wp-block-stackable-column stk-block-column stk-column stk-block stk-be7247e\" data-v=\"4\" data-block-id=\"be7247e\"><div class=\"stk-column-wrapper stk-block-column__content stk-container stk-be7247e-container stk--no-background stk--no-padding\"><div class=\"has-text-align-center stk-block-content stk-inner-blocks stk-be7247e-inner-blocks\">\n<a href=\"https:\/\/es.slideshare.net\/slideshow\/informe-tcnico-mapas-dina3\/47451121\"\n    class=\"lsvr-button lsvr-button--medium\"\n     target=\"_blank\"    >\n    mapas inf. t\u00e9cnico<\/a>\n\n<\/div><\/div><\/div>\n\n\n\n<div class=\"wp-block-stackable-column stk-block-column stk-column stk-block stk-fcd84a0\" data-v=\"4\" data-block-id=\"fcd84a0\"><div class=\"stk-column-wrapper stk-block-column__content stk-container stk-fcd84a0-container stk--no-background stk--no-padding\"><div class=\"has-text-align-center stk-block-content stk-inner-blocks stk-fcd84a0-inner-blocks\">\n<a href=\"\/wp-content\/uploads\/2018\/01\/NotaTecnicaOlmo.pdf\"\n    class=\"lsvr-button lsvr-button--medium\"\n     target=\"_blank\"    >\n    taxonom\u00eda olmos<\/a>\n\n<\/div><\/div><\/div>\n\n\n\n<div class=\"wp-block-stackable-column stk-block-column stk-column stk-block stk-a422ec5\" data-v=\"4\" data-block-id=\"a422ec5\"><div class=\"stk-column-wrapper stk-block-column__content stk-container stk-a422ec5-container stk--no-background stk--no-padding\"><div class=\"has-text-align-center stk-block-content stk-inner-blocks stk-a422ec5-inner-blocks\">\n<a href=\"\/wp-content\/uploads\/2018\/01\/CASCO-Model.pdf\"\n    class=\"lsvr-button lsvr-button--medium\"\n     target=\"_blank\"    >\n    plano arbolado urbano<\/a>\n\n<\/div><\/div><\/div>\n<\/div><\/div>\n\n\n\n<p><iframe loading=\"lazy\" class=\"iframe-class\" src=\"https:\/\/mapealia.es\/mapas\/losmolinos\/index.html\" width=\"100%\" height=\"1000\" frameborder=\"0\" scrolling=\"yes\"><\/iframe><!--more--><\/p>\n","protected":false},"excerpt":{"rendered":"<p>Recogida de restos vegetales El Ayuntamiento de Los Molinos invertir\u00e1 m\u00e1s de 50.000 \u20ac anuales para prestar este servicio a los vecinos.La Concejal\u00eda de Servicios y Medio Ambiente pone en marcha desde el 27 de abril de 2021, el servicio de recogida de restos de poda \u201cpuerta a puerta\u201d en todo el municipio. Tras la [&hellip;]<\/p>\n","protected":false},"author":1,"featured_media":0,"parent":0,"menu_order":0,"comment_status":"closed","ping_status":"closed","template":"","meta":{"_coblocks_attr":"","_coblocks_dimensions":"","_coblocks_responsive_height":"","_coblocks_accordion_ie_support":"","footnotes":""},"class_list":["post-36671","page","type-page","status-publish","hentry"],"_links":{"self":[{"href":"https:\/\/www.ayuntamiento-losmolinos.es\/index.php?rest_route=\/wp\/v2\/pages\/36671","targetHints":{"allow":["GET"]}}],"collection":[{"href":"https:\/\/www.ayuntamiento-losmolinos.es\/index.php?rest_route=\/wp\/v2\/pages"}],"about":[{"href":"https:\/\/www.ayuntamiento-losmolinos.es\/index.php?rest_route=\/wp\/v2\/types\/page"}],"author":[{"embeddable":true,"href":"https:\/\/www.ayuntamiento-losmolinos.es\/index.php?rest_route=\/wp\/v2\/users\/1"}],"replies":[{"embeddable":true,"href":"https:\/\/www.ayuntamiento-losmolinos.es\/index.php?rest_route=%2Fwp%2Fv2%2Fcomments&post=36671"}],"version-history":[{"count":11,"href":"https:\/\/www.ayuntamiento-losmolinos.es\/index.php?rest_route=\/wp\/v2\/pages\/36671\/revisions"}],"predecessor-version":[{"id":37932,"href":"https:\/\/www.ayuntamiento-losmolinos.es\/index.php?rest_route=\/wp\/v2\/pages\/36671\/revisions\/37932"}],"wp:attachment":[{"href":"https:\/\/www.ayuntamiento-losmolinos.es\/index.php?rest_route=%2Fwp%2Fv2%2Fmedia&parent=36671"}],"curies":[{"name":"wp","href":"https:\/\/api.w.org\/{rel}","templated":true}]}}