{"id":36672,"date":"2024-06-12T13:15:10","date_gmt":"2024-06-12T11:15:10","guid":{"rendered":"https:\/\/pruebas.ayuntamiento-losmolinos.es\/?page_id=36672"},"modified":"2024-07-24T14:26:10","modified_gmt":"2024-07-24T12:26:10","slug":"seguridad","status":"publish","type":"page","link":"https:\/\/www.ayuntamiento-losmolinos.es\/?page_id=36672","title":{"rendered":"Seguridad"},"content":{"rendered":"\n<div class=\"wp-block-stackable-columns alignwide stk-block-columns stk-block stk-88ea420\" data-block-id=\"88ea420\"><div class=\"stk-row stk-inner-blocks stk-block-content stk-content-align stk-88ea420-column alignwide\">\n<div class=\"wp-block-stackable-column stk-block-column stk-column stk-block stk-f687417\" data-v=\"4\" data-block-id=\"f687417\"><div class=\"stk-column-wrapper stk-block-column__content stk-container stk-f687417-container stk--no-background stk--no-padding\"><div class=\"stk-block-content stk-inner-blocks stk-f687417-inner-blocks\">\n<div class=\"wp-block-stackable-heading stk-block-heading stk-block-heading--v2 stk-block stk-b0c13c6\" id=\"por-tu-seguridad\" data-block-id=\"b0c13c6\"><h2 class=\"stk-block-heading__text has-text-align-center\">Por tu seguridad<\/h2><\/div>\n\n\n\n<div class=\"wp-block-stackable-columns stk-block-columns stk-block stk-8193d5d\" data-block-id=\"8193d5d\"><div class=\"stk-row stk-inner-blocks stk-block-content stk-content-align stk-8193d5d-column\">\n<div class=\"wp-block-stackable-column stk-block-column stk-column stk-block stk-f35390c\" data-v=\"4\" data-block-id=\"f35390c\"><div class=\"stk-column-wrapper stk-block-column__content stk-container stk-f35390c-container stk--no-background stk--no-padding\"><div class=\"stk-block-content stk-inner-blocks stk-f35390c-inner-blocks\">\n<div class=\"wp-block-stackable-card stk-block-card stk-block stk-44756df is-style-default\" data-v=\"2\" data-block-id=\"44756df\"><div class=\"stk--no-padding stk-container stk-44756df-container stk-hover-parent\"><figure class=\"stk-block-card__image stk-img-wrapper stk-image--shape-stretch\"><img loading=\"lazy\" decoding=\"async\" class=\"stk-img wp-image-37278\" src=\"https:\/\/www.ayuntamiento-losmolinos.es\/wp-content\/uploads\/2024\/07\/ESCUDO-2024.jpg\" width=\"854\" height=\"860\"\/><\/figure><div class=\"stk-container-padding stk-block-card__content\"><div class=\"stk-block-content stk-inner-blocks stk-44756df-inner-blocks\">\n<div class=\"wp-block-stackable-heading stk-block-heading stk-block-heading--v2 stk-block stk-32d1a12\" id=\"policia-local\" data-block-id=\"32d1a12\"><style>.stk-32d1a12{margin-bottom:16px !important}<\/style><h3 class=\"stk-block-heading__text\">Polic\u00eda Local<\/h3><\/div>\n\n\n\n<div class=\"wp-block-stackable-text stk-block-text stk-block stk-35a8581\" data-block-id=\"35a8581\"><style>.stk-35a8581{margin-bottom:8px !important}<\/style><p class=\"stk-block-text__text has-text-align-justify\">La Polic\u00eda Local es un cuerpo armado de naturaleza civil y jerarquizado.<br>Su papel de servicio p\u00fablico est\u00e1 dirigido a la protecci\u00f3n de la seguridad ciudadana y al cumplimiento de las legislaciones vigentes cuya finalidad, mediante la prevenci\u00f3n y el auxilio, es la mejora de la calidad de vida y el bienestar de los vecinos, protegiendo el libre ejercicio de los derechos y libertades p\u00fablicas; prestando un servicios de respuesta inmediata ante cualquier emergencia o conflicto que requiera su intervenci\u00f3n.<br>La Polic\u00eda Local ejerce las funciones establecidas en:<br>L.O. 2\/1986, de 13 de Marzo, de Fuerzas y Cuerpos de Seguridad.<br>Ley 4\/1992, de 8 de Julio, de Coordinaci\u00f3n de Polic\u00edas Locales de la Comunidad de Madrid.<br>Decreto 112\/1993, de 28 de Octubre, por el que se aprueba el Reglamento Marco de Organizaci\u00f3n de las Polic\u00edas Locales de la Comunidad de Madrid.<br>La Polic\u00eda Local de nuestro municipio est\u00e1 compuesta por 13 agentes.<br>Entre su material espec\u00edfico, la Polic\u00eda Local, cuenta con dos veh\u00edculos patrulla, armas, transmisores, alcohol\u00edmetro, chaleco antibalas para cada agente, material para realizar controles de tr\u00e1fico y otros medios t\u00e9cnicos.<\/p><\/div>\n\n\n\n<div class=\"wp-block-stackable-icon-list stk-block-icon-list stk-block stk-2ab13ba\" data-block-id=\"2ab13ba\"><svg style=\"display:none\"><defs><g id=\"stk-icon-list__icon-svg-def-2ab13ba\"><svg xmlns=\"http:\/\/www.w3.org\/2000\/svg\" viewBox=\"0 0 190 190\"><polygon points=\"173.8,28.4 60.4,141.8 15.7,97.2 5.1,107.8 60.4,163 184.4,39 173.8,28.4\"\/><\/svg><\/g><\/defs><\/svg><ul class=\"stk-block-icon-list__ul stk-block-icon-list--column\"><\/ul><\/div>\n<\/div><\/div><\/div><\/div>\n\n\n\n<div class=\"wp-block-stackable-text stk-block-text stk-block stk-2a45a67 stk-block-background\" data-block-id=\"2a45a67\"><p class=\"stk-block-text__text\"><strong>Policia Local<\/strong><br><strong>Direcci\u00f3n:<\/strong>\u00a0Pradillos, 10<br><strong>Tel\u00e9fono:<\/strong>\u00a091 855 35 56<br><strong>M\u00f3vil:\u00a0<\/strong>629 53 31 92<br><strong>Fax:<\/strong>\u00a091 855 05 10<br><strong>email:<\/strong>policialocal@ayuntamiento-losmolinos.es<\/p><\/div>\n\n\n\n<div class=\"wp-block-stackable-text stk-block-text stk-block stk-5343c2d stk-block-background\" data-block-id=\"5343c2d\"><p class=\"stk-block-text__text\"><strong>Oficina de Gesti\u00f3n de Multas<\/strong><br><strong>Tel\u00e9fono:<\/strong>\u00a091 047 73 06<br>Horario es de Lunes a Viernes de 8 a 18h<br><strong>email:<\/strong>informacionlosmolinos@atenciontributaria.es<\/p><\/div>\n<\/div><\/div><\/div>\n\n\n\n<div class=\"wp-block-stackable-column stk-block-column stk-column stk-block stk-48a1e45\" data-v=\"4\" data-block-id=\"48a1e45\"><div class=\"stk-column-wrapper stk-block-column__content stk-container stk-48a1e45-container stk--no-background stk--no-padding\"><div class=\"stk-block-content stk-inner-blocks stk-48a1e45-inner-blocks\">\n<div class=\"wp-block-stackable-card stk-block-card stk-block stk-3fea5b3 is-style-default\" data-v=\"2\" data-block-id=\"3fea5b3\"><div class=\"stk--no-padding stk-container stk-3fea5b3-container stk-hover-parent\"><figure class=\"stk-block-card__image stk-img-wrapper stk-image--shape-stretch\"><img loading=\"lazy\" decoding=\"async\" class=\"stk-img wp-image-3911\" src=\"https:\/\/www.ayuntamiento-losmolinos.es\/wp-content\/uploads\/2018\/11\/LogoProteccionCivil.jpg\" width=\"1691\" height=\"1800\" srcset=\"https:\/\/www.ayuntamiento-losmolinos.es\/wp-content\/uploads\/2018\/11\/LogoProteccionCivil.jpg 1691w, https:\/\/www.ayuntamiento-losmolinos.es\/wp-content\/uploads\/2018\/11\/LogoProteccionCivil-282x300.jpg 282w, https:\/\/www.ayuntamiento-losmolinos.es\/wp-content\/uploads\/2018\/11\/LogoProteccionCivil-768x818.jpg 768w, https:\/\/www.ayuntamiento-losmolinos.es\/wp-content\/uploads\/2018\/11\/LogoProteccionCivil-962x1024.jpg 962w, https:\/\/www.ayuntamiento-losmolinos.es\/wp-content\/uploads\/2018\/11\/LogoProteccionCivil-137x146.jpg 137w, https:\/\/www.ayuntamiento-losmolinos.es\/wp-content\/uploads\/2018\/11\/LogoProteccionCivil-47x50.jpg 47w, https:\/\/www.ayuntamiento-losmolinos.es\/wp-content\/uploads\/2018\/11\/LogoProteccionCivil-70x75.jpg 70w\" sizes=\"auto, (max-width: 1691px) 100vw, 1691px\" \/><\/figure><div class=\"stk-container-padding stk-block-card__content\"><div class=\"stk-block-content stk-inner-blocks stk-3fea5b3-inner-blocks\">\n<div class=\"wp-block-stackable-heading stk-block-heading stk-block-heading--v2 stk-block stk-766552e\" id=\"proteccion-civil\" data-block-id=\"766552e\"><style>.stk-766552e{margin-bottom:16px !important}<\/style><h3 class=\"stk-block-heading__text\">Protecci\u00f3n Civil<\/h3><\/div>\n\n\n\n<div class=\"wp-block-stackable-text stk-block-text stk-block stk-e8f9ae6\" data-block-id=\"e8f9ae6\"><style>.stk-e8f9ae6{margin-bottom:8px !important}<\/style><p class=\"stk-block-text__text has-text-align-justify\"><em>La Agrupaci\u00f3n Local de Voluntarios de Protecci\u00f3n Civil de Los Molinos es una organizaci\u00f3n de car\u00e1cter humanitario y altruista, que act\u00faa de manera desinteresada y solidaria en beneficio de las personas, los bienes y el medio ambiente de la Comunidad de Madrid, desarrollando las tareas propias de la protecci\u00f3n civil.<\/em><br>De acuerdo con el reglamento de la Agrupaci\u00f3n municipal de voluntarios de Protecci\u00f3n civil aprobado por el Ayuntamiento de Los Molinos en el pleno del d\u00eda 2 de febrero de 2017 en su art\u00edculo 5 y el decreto 125\/1998 de 2 de Julio de la Comunidad de Madrid en su articulo 22, la Agrupaci\u00f3n de voluntarios de Protecci\u00f3n Civil depende org\u00e1nicamente del Alcalde-Presidente como Jefe local de Protecci\u00f3n civil, y por delegaci\u00f3n de este el Concejal delegado de Seguridad y se integrara funcionalmente en el servicio Municipal de Protecci\u00f3n Civil.<br>La Protecci\u00f3n Civil Municipal tiene como fin garantizar la coordinaci\u00f3n preventiva y operativa respecto de la protecci\u00f3n de personas y bienes ante los da\u00f1os producidos por las situaciones de emergencia en los casos de grave riesgo, cat\u00e1strofe o calamidad p\u00fablica, mediante la realizaci\u00f3n de actividades que permitan evitar las mismas, reducir sus efectos, reparar los da\u00f1os y, en su caso, contribuir a corregir las causas que los produjeron.<br>Los voluntarios no tienen una vinculaci\u00f3n de car\u00e1cter laboral o administrativa con el Ayuntamiento, sino tan solo de colaboraci\u00f3n voluntaria para la prestaci\u00f3n de servicios de modo gratuito y altruista, como medio de realizaci\u00f3n de acciones humanitarias y de solidaridad.<\/p><\/div>\n\n\n\n<div class=\"wp-block-stackable-icon-list stk-block-icon-list stk-block stk-ded7c8e\" data-block-id=\"ded7c8e\"><svg style=\"display:none\"><defs><g id=\"stk-icon-list__icon-svg-def-ded7c8e\"><svg xmlns=\"http:\/\/www.w3.org\/2000\/svg\" viewBox=\"0 0 190 190\"><polygon points=\"173.8,28.4 60.4,141.8 15.7,97.2 5.1,107.8 60.4,163 184.4,39 173.8,28.4\"\/><\/svg><\/g><\/defs><\/svg><ul class=\"stk-block-icon-list__ul stk-block-icon-list--column\"><\/ul><\/div>\n<\/div><\/div><\/div><\/div>\n\n\n\n<div class=\"wp-block-stackable-text stk-block-text stk-block stk-44d9575 stk-block-background\" data-block-id=\"44d9575\"><p class=\"stk-block-text__text\"><strong>Protecci\u00f3n Civil<\/strong><br><strong>Direcci\u00f3n:<\/strong>\u00a0Pradillos 10<br><strong>Tel\u00e9fono:<\/strong>\u00a0686 185 190<\/p><\/div>\n<\/div><\/div><\/div>\n<\/div><\/div>\n<\/div><\/div><\/div>\n<\/div><\/div>\n\n\n\n<div class=\"wp-block-stackable-text stk-block-text stk-block stk-eb792c6\" data-block-id=\"eb792c6\"><style>.stk-eb792c6 .stk-block-text__text{font-size:24px !important}@media screen and (max-width:1023px){.stk-eb792c6 .stk-block-text__text{font-size:24px !important}}<\/style><p class=\"stk-block-text__text has-text-align-center\">La Polic\u00eda Local de Los Molinos ha elaborado la memoria anual de actividades e intervenciones de este cuerpo de seguridad correspondiente al a\u00f1o 2021<\/p><\/div>\n\n\n\n<div class=\"wp-block-stackable-columns stk-block-columns stk-block stk-710a3ff\" data-block-id=\"710a3ff\"><div class=\"stk-row stk-inner-blocks stk-block-content stk-content-align stk-710a3ff-column\">\n<div class=\"wp-block-stackable-column stk-block-column stk-column stk-block stk-ae10fea\" data-v=\"4\" data-block-id=\"ae10fea\"><style>@media screen and (min-width:768px){.stk-ae10fea{flex:var(--stk-flex-grow,1) 1 66.7% !important}}<\/style><div class=\"stk-column-wrapper stk-block-column__content stk-container stk-ae10fea-container stk--no-background stk--no-padding\"><div class=\"stk-block-content stk-inner-blocks stk-ae10fea-inner-blocks\">\n<div class=\"wp-block-stackable-text stk-block-text stk-block stk-560e405\" data-block-id=\"560e405\"><p class=\"stk-block-text__text has-text-align-justify\">La Polic\u00eda Local es un cuerpo armado de naturaleza civil y jerarquizado.<br>Su papel de servicio p\u00fablico est\u00e1 dirigido a la protecci\u00f3n de la seguridad ciudadana y al cumplimiento de las legislaciones vigentes cuya finalidad, mediante la prevenci\u00f3n y el auxilio, es la mejora de la calidad de vida y el bienestar de los vecinos, protegiendo el libre ejercicio de los derechos y libertades p\u00fablicas; prestando un servicios de respuesta inmediata ante cualquier emergencia o conflicto que requiera su intervenci\u00f3n.<br>La Polic\u00eda Local ejerce las funciones establecidas en:<br>L.O. 2\/1986, de 13 de Marzo, de Fuerzas y Cuerpos de Seguridad.<br>Ley 4\/1992, de 8 de Julio, de Coordinaci\u00f3n de Polic\u00edas Locales de la Comunidad de Madrid.<br>Decreto 112\/1993, de 28 de Octubre, por el que se aprueba el Reglamento Marco de Organizaci\u00f3n de las Polic\u00edas Locales de la Comunidad de Madrid.<br>La Polic\u00eda Local de nuestro municipio est\u00e1 compuesta por 13 agentes.<br>Entre su material espec\u00edfico, la Polic\u00eda Local, cuenta con dos veh\u00edculos patrulla, armas, transmisores, alcohol\u00edmetro, chaleco antibalas para cada agente, material para realizar controles de tr\u00e1fico y otros medios t\u00e9cnicos.<br><br><br>Este exhaustivo informe sirve, entre otras cosas, para conocer datos de todas las incidencias que han ocurrido en el municipio, del proceder de este cuerpo policial, el momento actual y prever los planes de futuro para el mismo.<br>La memoria refleja que durante 2021 se realizaron por parte de Polic\u00eda Local 5892 actuaciones, siendo 3436 de est\u00e1s en seguridad ciudadana. increment\u00e1ndose los servicios en casi 300 respecto a 2020 y m\u00e1s de 2000 respecto a los a\u00f1os anteriores.<br>La concejal\u00eda de Seguridad y el Subinspector Jefe de la Polic\u00eda Local hemos puesto en marcha un proyecto de Polic\u00eda Local Cercana. Este concepto de cercan\u00eda se impulso durante todo el a\u00f1o 2021, con incremento de actividad, m\u00e1s presencia en la calle y m\u00e1s cercan\u00eda al ciudadano.<\/p><\/div>\n<\/div><\/div><\/div>\n\n\n\n<div class=\"wp-block-stackable-column stk-block-column stk-column stk-block stk-4629655\" data-v=\"4\" data-block-id=\"4629655\"><style>@media screen and (min-width:768px){.stk-4629655{flex:var(--stk-flex-grow,1) 1 33.3% !important}}<\/style><div class=\"stk-column-wrapper stk-block-column__content stk-container stk-4629655-container stk--no-background stk--no-padding\"><div class=\"stk-block-content stk-inner-blocks stk-4629655-inner-blocks\">\n<iframe loading=\"lazy\" src=\"\/\/www.slideshare.net\/slideshow\/embed_code\/key\/yNxx2LsQqbKYsk\" width=\"668\" height=\"714\" frameborder=\"0\" marginwidth=\"0\" marginheight=\"0\" scrolling=\"no\" style=\"border:1px solid #CCC; border-width:1px; margin-bottom:5px; max-width: 100%;\" allowfullscreen> <\/iframe> <div style=\"margin-bottom:5px\"> <strong> <a href=\"\/\/es.slideshare.net\/slideshow\/memoria-polica-local-2021\/251676865\" title=\"MEMORIA POLIC\u00cdA LOCAL 2021\" target=\"_blank\" rel=\"noopener\">MEMORIA POLIC\u00cdA LOCAL 2021<\/a> <\/strong> de <strong><a href=\"\/\/www.slideshare.net\/ayuntamientolosmolinos\" target=\"_blank\" rel=\"noopener\">Ayuntamiento Los Molinos<\/a><\/strong> <\/div>\n<\/div><\/div><\/div>\n<\/div><\/div>\n","protected":false},"excerpt":{"rendered":"<p>Por tu seguridad Polic\u00eda Local La Polic\u00eda Local es un cuerpo armado de naturaleza civil y jerarquizado.Su papel de servicio p\u00fablico est\u00e1 dirigido a la protecci\u00f3n de la seguridad ciudadana y al cumplimiento de las legislaciones vigentes cuya finalidad, mediante la prevenci\u00f3n y el auxilio, es la mejora de la calidad de vida y el [&hellip;]<\/p>\n","protected":false},"author":1,"featured_media":0,"parent":0,"menu_order":0,"comment_status":"closed","ping_status":"closed","template":"","meta":{"_coblocks_attr":"","_coblocks_dimensions":"","_coblocks_responsive_height":"","_coblocks_accordion_ie_support":"","footnotes":""},"class_list":["post-36672","page","type-page","status-publish","hentry"],"_links":{"self":[{"href":"https:\/\/www.ayuntamiento-losmolinos.es\/index.php?rest_route=\/wp\/v2\/pages\/36672","targetHints":{"allow":["GET"]}}],"collection":[{"href":"https:\/\/www.ayuntamiento-losmolinos.es\/index.php?rest_route=\/wp\/v2\/pages"}],"about":[{"href":"https:\/\/www.ayuntamiento-losmolinos.es\/index.php?rest_route=\/wp\/v2\/types\/page"}],"author":[{"embeddable":true,"href":"https:\/\/www.ayuntamiento-losmolinos.es\/index.php?rest_route=\/wp\/v2\/users\/1"}],"replies":[{"embeddable":true,"href":"https:\/\/www.ayuntamiento-losmolinos.es\/index.php?rest_route=%2Fwp%2Fv2%2Fcomments&post=36672"}],"version-history":[{"count":7,"href":"https:\/\/www.ayuntamiento-losmolinos.es\/index.php?rest_route=\/wp\/v2\/pages\/36672\/revisions"}],"predecessor-version":[{"id":37287,"href":"https:\/\/www.ayuntamiento-losmolinos.es\/index.php?rest_route=\/wp\/v2\/pages\/36672\/revisions\/37287"}],"wp:attachment":[{"href":"https:\/\/www.ayuntamiento-losmolinos.es\/index.php?rest_route=%2Fwp%2Fv2%2Fmedia&parent=36672"}],"curies":[{"name":"wp","href":"https:\/\/api.w.org\/{rel}","templated":true}]}}