{"id":36673,"date":"2024-06-12T13:15:10","date_gmt":"2024-06-12T11:15:10","guid":{"rendered":"https:\/\/pruebas.ayuntamiento-losmolinos.es\/?page_id=36673"},"modified":"2024-07-18T14:49:22","modified_gmt":"2024-07-18T12:49:22","slug":"tu-alcalde","status":"publish","type":"page","link":"https:\/\/www.ayuntamiento-losmolinos.es\/?page_id=36673","title":{"rendered":"Tu Alcalde"},"content":{"rendered":"\n<p><\/p>\n\n\n\n<div class=\"wp-block-stackable-columns stk-block-columns stk-block stk-3ec8988\" data-block-id=\"3ec8988\"><div class=\"stk-row stk-inner-blocks stk-block-content stk-content-align stk-3ec8988-column\">\n<div class=\"wp-block-stackable-column stk-block-column stk-column stk-block stk-7d3ee2d\" data-v=\"4\" data-block-id=\"7d3ee2d\"><style>@media screen and (min-width:768px){.stk-7d3ee2d{flex:var(--stk-flex-grow,1) 1 calc(37.6% - var(--stk-column-gap,0px) * 1 \/ 2 ) !important}}<\/style><div class=\"stk-column-wrapper stk-block-column__content stk-container stk-7d3ee2d-container stk--no-background stk--no-padding\"><div class=\"stk-block-content stk-inner-blocks stk-7d3ee2d-inner-blocks\">\n<figure class=\"wp-block-image size-large\" data-block-type=\"core\"><img loading=\"lazy\" decoding=\"async\" width=\"842\" height=\"1024\" src=\"https:\/\/www.ayuntamiento-losmolinos.es\/wp-content\/uploads\/2023\/11\/ANTONIO-842x1024.png\" alt=\"\" class=\"wp-image-33721\" srcset=\"https:\/\/www.ayuntamiento-losmolinos.es\/wp-content\/uploads\/2023\/11\/ANTONIO-842x1024.png 842w, https:\/\/www.ayuntamiento-losmolinos.es\/wp-content\/uploads\/2023\/11\/ANTONIO-247x300.png 247w, https:\/\/www.ayuntamiento-losmolinos.es\/wp-content\/uploads\/2023\/11\/ANTONIO-768x934.png 768w, https:\/\/www.ayuntamiento-losmolinos.es\/wp-content\/uploads\/2023\/11\/ANTONIO-120x146.png 120w, https:\/\/www.ayuntamiento-losmolinos.es\/wp-content\/uploads\/2023\/11\/ANTONIO-41x50.png 41w, https:\/\/www.ayuntamiento-losmolinos.es\/wp-content\/uploads\/2023\/11\/ANTONIO-62x75.png 62w, https:\/\/www.ayuntamiento-losmolinos.es\/wp-content\/uploads\/2023\/11\/ANTONIO.png 895w\" sizes=\"auto, (max-width: 842px) 100vw, 842px\" \/><\/figure>\n<\/div><\/div><\/div>\n\n\n\n<div class=\"wp-block-stackable-column stk-block-column stk-column stk-block stk-096e46d\" data-v=\"4\" data-block-id=\"096e46d\"><style>@media screen and (min-width:768px){.stk-096e46d{flex:var(--stk-flex-grow,1) 1 calc(62.4% - var(--stk-column-gap,0px) * 1 \/ 2 ) !important}}<\/style><div class=\"stk-column-wrapper stk-block-column__content stk-container stk-096e46d-container stk--no-background stk--no-padding\"><div class=\"stk-block-content stk-inner-blocks stk-096e46d-inner-blocks\">\n<p style=\"font-size:40px\">Queridos amig@s<\/p>\n\n\n\n<p>Como Alcalde de Los Molinos quiero daros la m\u00e1s cordial bienvenida a todos los que visit\u00e1is la p\u00e1gina web de este Ayuntamiento. Aqu\u00ed encontrar\u00e9is informaci\u00f3n actualizada de esta instituci\u00f3n p\u00fablica, sus servicios y actividades.<\/p>\n\n\n\n<p>Concebimos este \u201csite\u201d como un servicio del inter\u00e9s general y de la responsabilidad, un lugar donde poder informar con transparencia y rigor, sobre la gesti\u00f3n municipal. Este portal se proyecta como una v\u00eda r\u00e1pida y eficaz de comunicaci\u00f3n con vecinos, asociaciones y empresarios, donde molineros y visitantes puedan conocer nuestro entorno natural, nuestras fiestas y tradiciones , as\u00ed como la historia de este pueblo serrano que ha sabido mantener su encanto a lo largo de los tiempos.<\/p>\n\n\n\n<p>Es mi deseo, y espero que el vuestro, que entre todos hagamos de esta \u2018web\u2019 un lugar de encuentro, un foro que recoja cuantas propuestas y sugerencias estim\u00e9is oportunas y que el di\u00e1logo fluido y permanente sirva para enriquecer la relaci\u00f3n de esta Corporaci\u00f3n con los vecinos. En definitiva una ventana abierta a todos aquellos, que a trav\u00e9s de Internet, se aproximen a nosotros desde cualquier parte del mundo.<\/p>\n\n\n\n<p>Un saludo cordial,<\/p>\n\n\n\n<p>Antonio Coello G\u00f3mez-Rey<\/p>\n<\/div><\/div><\/div>\n<\/div><\/div>\n","protected":false},"excerpt":{"rendered":"<p>Queridos amig@s Como Alcalde de Los Molinos quiero daros la m\u00e1s cordial bienvenida a todos los que visit\u00e1is la p\u00e1gina web de este Ayuntamiento. Aqu\u00ed encontrar\u00e9is informaci\u00f3n actualizada de esta instituci\u00f3n p\u00fablica, sus servicios y actividades. Concebimos este \u201csite\u201d como un servicio del inter\u00e9s general y de la responsabilidad, un lugar donde poder informar con [&hellip;]<\/p>\n","protected":false},"author":1,"featured_media":0,"parent":36508,"menu_order":0,"comment_status":"closed","ping_status":"closed","template":"","meta":{"_coblocks_attr":"","_coblocks_dimensions":"","_coblocks_responsive_height":"","_coblocks_accordion_ie_support":"","footnotes":""},"class_list":["post-36673","page","type-page","status-publish","hentry"],"_links":{"self":[{"href":"https:\/\/www.ayuntamiento-losmolinos.es\/index.php?rest_route=\/wp\/v2\/pages\/36673","targetHints":{"allow":["GET"]}}],"collection":[{"href":"https:\/\/www.ayuntamiento-losmolinos.es\/index.php?rest_route=\/wp\/v2\/pages"}],"about":[{"href":"https:\/\/www.ayuntamiento-losmolinos.es\/index.php?rest_route=\/wp\/v2\/types\/page"}],"author":[{"embeddable":true,"href":"https:\/\/www.ayuntamiento-losmolinos.es\/index.php?rest_route=\/wp\/v2\/users\/1"}],"replies":[{"embeddable":true,"href":"https:\/\/www.ayuntamiento-losmolinos.es\/index.php?rest_route=%2Fwp%2Fv2%2Fcomments&post=36673"}],"version-history":[{"count":5,"href":"https:\/\/www.ayuntamiento-losmolinos.es\/index.php?rest_route=\/wp\/v2\/pages\/36673\/revisions"}],"predecessor-version":[{"id":37018,"href":"https:\/\/www.ayuntamiento-losmolinos.es\/index.php?rest_route=\/wp\/v2\/pages\/36673\/revisions\/37018"}],"up":[{"embeddable":true,"href":"https:\/\/www.ayuntamiento-losmolinos.es\/index.php?rest_route=\/wp\/v2\/pages\/36508"}],"wp:attachment":[{"href":"https:\/\/www.ayuntamiento-losmolinos.es\/index.php?rest_route=%2Fwp%2Fv2%2Fmedia&parent=36673"}],"curies":[{"name":"wp","href":"https:\/\/api.w.org\/{rel}","templated":true}]}}