{"id":37217,"date":"2024-07-24T12:23:15","date_gmt":"2024-07-24T10:23:15","guid":{"rendered":"https:\/\/pruebas.ayuntamiento-losmolinos.es\/?page_id=37217"},"modified":"2024-07-24T12:35:32","modified_gmt":"2024-07-24T10:35:32","slug":"archivo-historico-2","status":"publish","type":"page","link":"https:\/\/www.ayuntamiento-losmolinos.es\/?page_id=37217","title":{"rendered":"Archivo Hist\u00f3rico"},"content":{"rendered":"\n<div class=\"wp-block-stackable-text stk-block-text stk-block stk-33f9f3c\" data-block-id=\"33f9f3c\"><p class=\"stk-block-text__text has-text-align-justify\">El Archivo Municipal de Los Molinos ( Madrid), constituye una de los mayores valores patrimoniales del municipio, puesto que contiene informaci\u00f3n sistem\u00e1tica desde los or\u00edgenes del mismo, hasta finales del siglo XV, como aldea de Guadarrama, formando parte del Real de Manzanares.<br>El proceso de separaci\u00f3n se inicia en 1588 y finaliza en 1666 con la obtenci\u00f3n del t\u00edtulo de villa y, los peque\u00f1os y los grandes hechos que fueron conformando la vida del pueblo. Los derivados de su posici\u00f3n estrat\u00e9gica en los dos pasos hist\u00f3ricosde la sierra del Guadarrama, el paso medieval, ca\u00f1ada real y luego carretera de Castilla y el paso romano, luego impulsado por los Austrias y Borboneshacia Segovia y la Granja por la Fuenfria.<br>El archivo est\u00e1 perfectamente clasificado con criterios documentalistas, infinidad de datos sobre la vida cotidiana y administrativa del pueblo, censos, impuestos, caminos, rentas de fincas y pinares, beneficiencia, quintos, cuentas y cargos municipales etc.<br>El archivo hist\u00f3rico que abarca desde 1538 a 1940 contiene m\u00e1s de 4.000 legajos, cerca de 50.000 p\u00e1ginas e incluye tambi\u00e9n los datos del juzgado de paz del siglo XIX y las testamentar\u00edas entre 1542 y 1896. Dada su riqueza, variedad documental y continuidad constituye uno de los archivos locales m\u00e1s valiosos de la Comunidad de Madrid.<br>El archivo que fue indizado y catalogado por el Secretario del Ayuntamiento en 1886 por Juan Francisco Vecino, a quien se debe en gran medida su consevaci\u00f3n, se ha integrado desde el a\u00f1o 2010 en el Archivo Hist\u00f3rico de la Comunidad de Madrid, sito en c \/ Ramirez de Prado 7, siendo accesible a todos los interesados.<br>En breve y tras la incorporaci\u00f3n de los fondos 1900-1960, ser\u00e1 digitalizado. El Ayuntamiento de Los Molinos, ha creado en 2012, el premio anual Historia de Los Molinos, con objeto de favorecer su estudio y difusi\u00f3n entre historiadores de las universidades madrile\u00f1as y estudiosos en general.<\/p><\/div>\n\n\n\n<div class=\"wp-block-stackable-columns stk-block-columns stk-block stk-9cf199b\" data-block-id=\"9cf199b\"><div class=\"stk-row stk-inner-blocks stk-block-content stk-content-align stk-9cf199b-column\">\n<div class=\"wp-block-stackable-column stk-block-column stk-column stk-block stk-edb4d0f\" data-v=\"4\" data-block-id=\"edb4d0f\"><div class=\"stk-column-wrapper stk-block-column__content stk-container stk-edb4d0f-container stk--no-background stk--no-padding\"><div class=\"has-text-align-center stk-block-content stk-inner-blocks stk-edb4d0f-inner-blocks\">\n<a href=\"https:\/\/www.ayuntamiento-losmolinos.es\/wp-content\/uploads\/2018\/11\/INVENTARIO_AYUNTAMIENTO.pdf\"\n    class=\"lsvr-button lsvr-button--medium\"\n     target=\"_blank\"    >\n    Inventario Archivo Hist\u00f3rico<\/a>\n\n<\/div><\/div><\/div>\n\n\n\n<div class=\"wp-block-stackable-column stk-block-column stk-column stk-block stk-8df56a5\" data-v=\"4\" data-block-id=\"8df56a5\"><div class=\"stk-column-wrapper stk-block-column__content stk-container stk-8df56a5-container stk--no-background stk--no-padding\"><div class=\"has-text-align-center stk-block-content stk-inner-blocks stk-8df56a5-inner-blocks\">\n<a href=\"https:\/\/www.ayuntamiento-losmolinos.es\/wp-content\/uploads\/2018\/11\/inventario-del-archivo-historico-de-los-molinos.pdf\"\n    class=\"lsvr-button lsvr-button--medium\"\n     target=\"_blank\"    >\n    Resumen del Inventario<\/a>\n\n<\/div><\/div><\/div>\n\n\n\n<div class=\"wp-block-stackable-column stk-block-column stk-column stk-block stk-ff1bea9\" data-v=\"4\" data-block-id=\"ff1bea9\"><div class=\"stk-column-wrapper stk-block-column__content stk-container stk-ff1bea9-container stk--no-background stk--no-padding\"><div class=\"has-text-align-center stk-block-content stk-inner-blocks stk-ff1bea9-inner-blocks\">\n<a href=\"https:\/\/www.ayuntamiento-losmolinos.es\/wp-content\/uploads\/2018\/11\/CATASTRO-DEL-MARQUES-DE-LA-ENSENADA.pdf\"\n    class=\"lsvr-button lsvr-button--medium\"\n     target=\"_blank\"    >\n    Catastro de Ensenada<\/a>\n\n<\/div><\/div><\/div>\n<\/div><\/div>\n\n\n\n<div class=\"wp-block-stackable-text stk-block-text stk-block stk-2f7ca82\" data-block-id=\"2f7ca82\"><style>.stk-2f7ca82 .stk-block-text__text{font-size:24px !important}@media screen and (max-width:1023px){.stk-2f7ca82 .stk-block-text__text{font-size:24px !important}}<\/style><p class=\"stk-block-text__text has-text-align-center\">El Archivo Hist\u00f3rico en la Red<\/p><\/div>\n\n\n\n<div class=\"wp-block-stackable-text stk-block-text stk-block stk-39b8de1\" data-block-id=\"39b8de1\"><p class=\"stk-block-text__text\">Ya est\u00e1 disponible el cat\u00e1logo online del archivo hist\u00f3rico de Los Molinos.\u00a0<strong>Puedes acceder al cat\u00e1logo pinchando en la imagen<\/strong><\/p><\/div>\n\n\n\n<div class=\"wp-block-stackable-columns stk-block-columns stk-block stk-9dfbd24\" data-block-id=\"9dfbd24\"><div class=\"stk-row stk-inner-blocks stk-block-content stk-content-align stk-9dfbd24-column\">\n<div class=\"wp-block-stackable-column stk-block-column stk-column stk-block stk-7d73f50\" data-v=\"4\" data-block-id=\"7d73f50\"><style>@media screen and (min-width:768px){.stk-7d73f50{flex:var(--stk-flex-grow,1) 1 25% !important}}<\/style><div class=\"stk-column-wrapper stk-block-column__content stk-container stk-7d73f50-container stk--no-background stk--no-padding\"><div class=\"has-text-align-center stk-block-content stk-inner-blocks stk-7d73f50-inner-blocks\">\n<a href=\"https:\/\/aytolosmolinos.scncloud.com\/portal\/code\/Portal.aspx\"\n    class=\"lsvr-button lsvr-button--medium\"\n     target=\"_blank\"    >\n    Cat\u00e1logo<\/a>\n\n<\/div><\/div><\/div>\n\n\n\n<div class=\"wp-block-stackable-column stk-block-column stk-column stk-block stk-77357c5\" data-v=\"4\" data-block-id=\"77357c5\"><style>@media screen and (min-width:768px){.stk-77357c5{flex:var(--stk-flex-grow,1) 1 25% !important}}<\/style><div class=\"stk-column-wrapper stk-block-column__content stk-container stk-77357c5-container stk--no-background stk--no-padding\"><div class=\"has-text-align-center stk-block-content stk-inner-blocks stk-77357c5-inner-blocks\">\n<a href=\"https:\/\/www.ayuntamiento-losmolinos.es\/wp-content\/uploads\/2018\/11\/InstanciaArchivoHistorico.pdf\"\n    class=\"lsvr-button lsvr-button--medium\"\n     target=\"_blank\"    >\n    Solicitud de acceso<\/a>\n\n<\/div><\/div><\/div>\n\n\n\n<div class=\"wp-block-stackable-column stk-block-column stk-column stk-block stk-0e354e1\" data-v=\"4\" data-block-id=\"0e354e1\"><style>@media screen and (min-width:768px){.stk-0e354e1{flex:var(--stk-flex-grow,1) 1 25% !important}}<\/style><div class=\"stk-column-wrapper stk-block-column__content stk-container stk-0e354e1-container stk--no-background stk--no-padding\"><div class=\"has-text-align-center stk-block-content stk-inner-blocks stk-0e354e1-inner-blocks\">\n<a href=\"https:\/\/www.ayuntamiento-losmolinos.es\/wp-content\/uploads\/2018\/11\/protocoloIDoc.pdf\"\n    class=\"lsvr-button lsvr-button--medium\"\n     target=\"_blank\"    >\n    Instrucciones<\/a>\n\n<\/div><\/div><\/div>\n\n\n\n<div class=\"wp-block-stackable-column stk-block-column stk-column stk-block stk-656f56c\" data-v=\"4\" data-block-id=\"656f56c\"><style>@media screen and (min-width:768px){.stk-656f56c{flex:var(--stk-flex-grow,1) 1 25% !important}}<\/style><div class=\"stk-column-wrapper stk-block-column__content stk-container stk-656f56c-container stk--no-background stk--no-padding\"><div class=\"has-text-align-center stk-block-content stk-inner-blocks stk-656f56c-inner-blocks\">\n<a href=\"https:\/\/www.ayuntamiento-losmolinos.es\/wp-content\/uploads\/2018\/11\/valores_campos_organo_y_tipo_documental.pdf\"\n    class=\"lsvr-button lsvr-button--medium\"\n     target=\"_blank\"    >\n    Tabla equivalencias<\/a>\n\n<\/div><\/div><\/div>\n<\/div><\/div>\n\n\n\n<div class=\"wp-block-cover is-light is-cropping is-style-default\" data-block-type=\"core\"><span aria-hidden=\"true\" class=\"wp-block-cover__background has-background-dim\" style=\"background-color:#d6d4d1\"><\/span><img loading=\"lazy\" decoding=\"async\" width=\"480\" height=\"281\" class=\"wp-block-cover__image-background wp-image-4685\" alt=\"\" src=\"https:\/\/www.ayuntamiento-losmolinos.es\/wp-content\/uploads\/2018\/11\/idoc_large.jpg\" data-object-fit=\"cover\" srcset=\"https:\/\/www.ayuntamiento-losmolinos.es\/wp-content\/uploads\/2018\/11\/idoc_large.jpg 480w, https:\/\/www.ayuntamiento-losmolinos.es\/wp-content\/uploads\/2018\/11\/idoc_large-300x176.jpg 300w, https:\/\/www.ayuntamiento-losmolinos.es\/wp-content\/uploads\/2018\/11\/idoc_large-249x146.jpg 249w, https:\/\/www.ayuntamiento-losmolinos.es\/wp-content\/uploads\/2018\/11\/idoc_large-50x29.jpg 50w, https:\/\/www.ayuntamiento-losmolinos.es\/wp-content\/uploads\/2018\/11\/idoc_large-128x75.jpg 128w\" sizes=\"auto, (max-width: 480px) 100vw, 480px\" \/><div class=\"wp-block-cover__inner-container is-layout-constrained wp-block-cover-is-layout-constrained\">\n<p class=\"has-text-align-center is-style-default has-x-large-font-size\"><strong><a href=\"https:\/\/aytolosmolinos.scncloud.com\/portal\/code\/Portal.aspx\"><span style=\"color: #000000;\" class=\"stk-highlight\">ACCESO CAT\u00c1LOGO<\/span><\/a><\/strong><\/p>\n<\/div><\/div>\n","protected":false},"excerpt":{"rendered":"<p>El Archivo Municipal de Los Molinos ( Madrid), constituye una de los mayores valores patrimoniales del municipio, puesto que contiene informaci\u00f3n sistem\u00e1tica desde los or\u00edgenes del mismo, hasta finales del siglo XV, como aldea de Guadarrama, formando parte del Real de Manzanares.El proceso de separaci\u00f3n se inicia en 1588 y finaliza en 1666 con la [&hellip;]<\/p>\n","protected":false},"author":1,"featured_media":3270,"parent":0,"menu_order":0,"comment_status":"closed","ping_status":"closed","template":"","meta":{"_coblocks_attr":"","_coblocks_dimensions":"","_coblocks_responsive_height":"","_coblocks_accordion_ie_support":"","footnotes":""},"class_list":["post-37217","page","type-page","status-publish","has-post-thumbnail","hentry"],"_links":{"self":[{"href":"https:\/\/www.ayuntamiento-losmolinos.es\/index.php?rest_route=\/wp\/v2\/pages\/37217","targetHints":{"allow":["GET"]}}],"collection":[{"href":"https:\/\/www.ayuntamiento-losmolinos.es\/index.php?rest_route=\/wp\/v2\/pages"}],"about":[{"href":"https:\/\/www.ayuntamiento-losmolinos.es\/index.php?rest_route=\/wp\/v2\/types\/page"}],"author":[{"embeddable":true,"href":"https:\/\/www.ayuntamiento-losmolinos.es\/index.php?rest_route=\/wp\/v2\/users\/1"}],"replies":[{"embeddable":true,"href":"https:\/\/www.ayuntamiento-losmolinos.es\/index.php?rest_route=%2Fwp%2Fv2%2Fcomments&post=37217"}],"version-history":[{"count":3,"href":"https:\/\/www.ayuntamiento-losmolinos.es\/index.php?rest_route=\/wp\/v2\/pages\/37217\/revisions"}],"predecessor-version":[{"id":37222,"href":"https:\/\/www.ayuntamiento-losmolinos.es\/index.php?rest_route=\/wp\/v2\/pages\/37217\/revisions\/37222"}],"wp:featuredmedia":[{"embeddable":true,"href":"https:\/\/www.ayuntamiento-losmolinos.es\/index.php?rest_route=\/wp\/v2\/media\/3270"}],"wp:attachment":[{"href":"https:\/\/www.ayuntamiento-losmolinos.es\/index.php?rest_route=%2Fwp%2Fv2%2Fmedia&parent=37217"}],"curies":[{"name":"wp","href":"https:\/\/api.w.org\/{rel}","templated":true}]}}